{"id":4941,"date":"2025-01-28T07:40:03","date_gmt":"2025-01-28T04:40:03","guid":{"rendered":"https:\/\/secyapimimarlik.com\/?page_id=4941"},"modified":"2025-02-04T00:03:18","modified_gmt":"2025-02-03T21:03:18","slug":"kentsel-donusum-projeleri","status":"publish","type":"page","link":"https:\/\/secyapimimarlik.com\/?page_id=4941","title":{"rendered":"Kentsel D\u00f6n\u00fc\u015f\u00fcm Projeleri"},"content":{"rendered":"\t\t<div data-elementor-type=\"wp-page\" data-elementor-id=\"4941\" class=\"elementor elementor-4941\" data-elementor-post-type=\"page\">\n\t\t\t\t\t\t<section class=\"elementor-section elementor-top-section elementor-element elementor-element-75a5d8d elementor-section-boxed elementor-section-height-default elementor-section-height-default\" data-id=\"75a5d8d\" data-element_type=\"section\">\n\t\t\t\t\t\t\t<div class=\"elementor-background-overlay\"><\/div>\n\t\t\t\t\t\t\t<div class=\"elementor-container elementor-column-gap-default\">\n\t\t\t\t\t<div class=\"elementor-column elementor-col-50 elementor-top-column elementor-element elementor-element-d0869f5\" data-id=\"d0869f5\" data-element_type=\"column\">\n\t\t\t<div class=\"elementor-widget-wrap elementor-element-populated\">\n\t\t\t\t\t\t<div class=\"elementor-element elementor-element-05e6674 elementor-widget elementor-widget-pix-highlighted-text\" data-id=\"05e6674\" data-element_type=\"widget\" data-widget_type=\"pix-highlighted-text.default\">\n\t\t\t\t<div class=\"elementor-widget-container\">\n\t\t\t\t\t<div id=\"highlighted-text-186898385\" class=\"pix-highlighted-element text-left \"><h2 class=\"pix-highlighted-items \" style=\"\" data-anim-type=\"\" data-anim-delay=\"\"><span id=\"highlighted-text-186898385-0\" class=\" elementor-repeater-item-d38df35\"><span class=\"pix-highlighted-text pix-highlight-item font-weight-normal  heading-font text-heading-default\">Kentsel D\u00f6n\u00fc\u015f\u00fcm<\/span><\/span><span id=\"highlighted-text-186898385-1\" class=\"pix-highlight-bg align-middle2   elementor-repeater-item-b2f5606 highlighted-text-186898385-1 animate-in\" data-anim-type=\"highlight-grow\" data-anim-delay=\"200\"><span class=\"pix-highlighted-text  pix-highlight-item font-weight-normal  font-weight-bold heading-font text-heading-default\"> Projelerimiz<\/span><\/span><\/h2><\/div>\t\t\t\t<\/div>\n\t\t\t\t<\/div>\n\t\t\t\t<div class=\"elementor-element elementor-element-b8efb6d elementor-widget elementor-widget-pix-text\" data-id=\"b8efb6d\" data-element_type=\"widget\" data-widget_type=\"pix-text.default\">\n\t\t\t\t<div class=\"elementor-widget-container\">\n\t\t\t\t\t<div class=\"pix-el-text w-100 text-left \" ><p class=\"text-20 resp-option text-dark-opacity-5 text-left \" >Projelerimizde, depreme dayan\u0131kl\u0131 in\u015faat teknikleri, estetik tasar\u0131mlar ve s\u00fcrd\u00fcr\u00fclebilir \u00e7\u00f6z\u00fcmleri bir araya getirerek toplumun ya\u015fam kalitesini art\u0131rmay\u0131 hedefliyoruz. Her ad\u0131mda, m\u00fc\u015fterilerimizin ihtiya\u00e7lar\u0131n\u0131 \u00f6n planda tutarak g\u00fcvenli ve konforlu bir ya\u015fam sunmak i\u00e7in \u00e7al\u0131\u015f\u0131yoruz.<\/p><\/div>\t\t\t\t<\/div>\n\t\t\t\t<\/div>\n\t\t\t\t<div class=\"elementor-element elementor-element-4d2fe3e elementor-widget__width-auto elementor-widget elementor-widget-pix-button\" data-id=\"4d2fe3e\" data-element_type=\"widget\" data-widget_type=\"pix-button.default\">\n\t\t\t\t<div class=\"elementor-widget-container\">\n\t\t\t\t\t<a  href=\"https:\/\/secyapimimarlik.com\/?page_id=3752\" class=\"btn m-0     shadow-sm btn-primary d-inline-block pix-hover-item       btn-lg\"     ><i class=\"font-weight-bold pixicon-bars-menu  pix-hover-left  mr-1\"><\/i> <span class=\"font-weight-bold \" >Hakk\u0131m\u0131zda<\/span><\/a>\t\t\t\t<\/div>\n\t\t\t\t<\/div>\n\t\t\t\t<div class=\"elementor-element elementor-element-7fa9291 elementor-widget__width-auto elementor-widget elementor-widget-pix-button\" data-id=\"7fa9291\" data-element_type=\"widget\" data-widget_type=\"pix-button.default\">\n\t\t\t\t<div class=\"elementor-widget-container\">\n\t\t\t\t\t<a  href=\"https:\/\/secyapimimarlik.com\/?page_id=4361\" class=\"btn m-0     shadow-sm text-heading-default btn-white d-inline-block pix-hover-item       btn-lg\"     ><i class=\"font-weight-bold pixicon-phone  pix-hover-left  mr-1\"><\/i> <span class=\"font-weight-bold \" >\u0130leti\u015fim<\/span><\/a>\t\t\t\t<\/div>\n\t\t\t\t<\/div>\n\t\t\t\t\t<\/div>\n\t\t<\/div>\n\t\t\t\t<div class=\"elementor-column elementor-col-50 elementor-top-column elementor-element elementor-element-8f48210\" data-id=\"8f48210\" data-element_type=\"column\">\n\t\t\t<div class=\"elementor-widget-wrap\">\n\t\t\t\t\t\t\t<\/div>\n\t\t<\/div>\n\t\t\t\t\t<\/div>\n\t\t<\/section>\n\t\t\t\t<section class=\"elementor-section elementor-top-section elementor-element elementor-element-d03dca3 elementor-section-full_width elementor-section-height-default elementor-section-height-default\" data-id=\"d03dca3\" data-element_type=\"section\">\n\t\t\t\t\t\t<div class=\"elementor-container elementor-column-gap-no\">\n\t\t\t\t\t<div class=\"elementor-column elementor-col-100 elementor-top-column elementor-element elementor-element-e4bbebb\" data-id=\"e4bbebb\" data-element_type=\"column\">\n\t\t\t<div class=\"elementor-widget-wrap elementor-element-populated\">\n\t\t\t\t\t\t<div class=\"elementor-element elementor-element-ae2cd53 elementor-widget elementor-widget-pix-dividers\" data-id=\"ae2cd53\" data-element_type=\"widget\" data-widget_type=\"pix-dividers.default\">\n\t\t\t\t<div class=\"elementor-widget-container\">\n\t\t\t\t\t<div class=\"pix-divider  position-relative pix-bottom-divider\" data-style=\"style-8\" ><svg xmlns=\"http:\/\/www.w3.org\/2000\/svg\" width=\"100%\" height=\"300px\" viewBox=\"0 0 1200 366\" preserveAspectRatio=\"none\"><polygon fill=\"url(#divider-pix-accordion-137349-bottom-overlay-layer-3)\" points=\"0 240 1200 0 1200 366 0 366\" \/><polygon fill=\"url(#divider-pix-accordion-137349-bottom-overlay-layer-2)\" points=\"0 300 1200 60 1200 366 0 366\"  \/><polygon fill=\"#ffffff\" points=\"0 360 1200 120 1200 366 0 366\"\/><defs><linearGradient id=\"divider-pix-accordion-137349-bottom-overlay-layer-3\" x1=\"0%\" y1=\"0%\" x2=\"100%\" y2=\"0%\"><stop offset=\"0%\"   stop-color=\"#00000014\"\/><stop offset=\"100%\"   stop-color=\"#FFFFFF03\"\/><\/linearGradient><linearGradient id=\"divider-pix-accordion-137349-bottom-overlay-layer-2\" x1=\"0%\" y1=\"0%\" x2=\"100%\" y2=\"0%\"><stop offset=\"0%\"   stop-color=\"#FFFFFF03\"\/><stop offset=\"100%\"   stop-color=\"#FFFFFF03\"\/><\/linearGradient><\/defs><\/svg><\/div>\t\t\t\t<\/div>\n\t\t\t\t<\/div>\n\t\t\t\t\t<\/div>\n\t\t<\/div>\n\t\t\t\t\t<\/div>\n\t\t<\/section>\n\t\t\t\t<section class=\"elementor-section elementor-top-section elementor-element elementor-element-c72aa54 elementor-section-boxed elementor-section-height-default elementor-section-height-default\" data-id=\"c72aa54\" data-element_type=\"section\">\n\t\t\t\t\t\t<div class=\"elementor-container elementor-column-gap-default\">\n\t\t\t\t\t<div class=\"elementor-column elementor-col-100 elementor-top-column elementor-element elementor-element-5575ef7\" data-id=\"5575ef7\" data-element_type=\"column\">\n\t\t\t<div class=\"elementor-widget-wrap elementor-element-populated\">\n\t\t\t\t\t\t<section class=\"elementor-section elementor-inner-section elementor-element elementor-element-e205c00 elementor-section-boxed elementor-section-height-default elementor-section-height-default\" data-id=\"e205c00\" data-element_type=\"section\">\n\t\t\t\t\t\t<div class=\"elementor-container elementor-column-gap-default\">\n\t\t\t\t\t<div class=\"elementor-column elementor-col-33 elementor-inner-column elementor-element elementor-element-bbd8444\" data-id=\"bbd8444\" data-element_type=\"column\">\n\t\t\t<div class=\"elementor-widget-wrap elementor-element-populated\">\n\t\t\t\t\t\t<div class=\"elementor-element elementor-element-0cadd42 elementor-invisible elementor-widget elementor-widget-pix-card\" data-id=\"0cadd42\" data-element_type=\"widget\" data-widget_type=\"pix-card.default\">\n\t\t\t\t<div class=\"elementor-widget-container\">\n\t\t\t\t\t<a  rel=\"nofollow\" href=\"https:\/\/secyapimimarlik.com\/?page_id=4943\" class=\" fly\"><div class=\"card    rounded-lg  overflow-hidden shadow-sm shadow-hover fly-sm  animate-in \" data-anim-delay=\"100\" data-anim-type=\"fade-in-up\"><img decoding=\"async\" src=\"https:\/\/secyapimimarlik.com\/wp-content\/plugins\/pixfort-core\/functions\/images\/loading.webp\"   data-srcset=\"\" data-src=\"https:\/\/secyapimimarlik.com\/wp-content\/uploads\/2025\/01\/konuk-no5-sengulden-bakis-scaled.jpg\" class=\"pix-lazy\" loading=\"lazy\" alt=\"Esentepe Kentsel D\u00f6n\u00fc\u015f\u00fcm Projesi\"><div class=\"pix-card-content\"><div class=\"card-body\"><div class=\"d-flex justify-content-between align-items-center font-weight-bold text-heading-default\"><h6 style=\"\" class=\"card-title mb-0 font-weight-bold text-heading-default\">Esentepe Kentsel D\u00f6n\u00fc\u015f\u00fcm Projesi<\/h6><h6 style=\"\" class=\"font-weight-bold text-heading-default pixicon-angle-right\"><\/h6><\/div><\/div><\/div><\/div><\/a>\t\t\t\t<\/div>\n\t\t\t\t<\/div>\n\t\t\t\t\t<\/div>\n\t\t<\/div>\n\t\t\t\t<div class=\"elementor-column elementor-col-33 elementor-inner-column elementor-element elementor-element-b65b52f\" data-id=\"b65b52f\" data-element_type=\"column\">\n\t\t\t<div class=\"elementor-widget-wrap\">\n\t\t\t\t\t\t\t<\/div>\n\t\t<\/div>\n\t\t\t\t<div class=\"elementor-column elementor-col-33 elementor-inner-column elementor-element elementor-element-22b4c82\" data-id=\"22b4c82\" data-element_type=\"column\">\n\t\t\t<div class=\"elementor-widget-wrap\">\n\t\t\t\t\t\t\t<\/div>\n\t\t<\/div>\n\t\t\t\t\t<\/div>\n\t\t<\/section>\n\t\t\t\t<section class=\"elementor-section elementor-inner-section elementor-element elementor-element-266b593 elementor-section-boxed elementor-section-height-default elementor-section-height-default\" data-id=\"266b593\" data-element_type=\"section\">\n\t\t\t\t\t\t<div class=\"elementor-container elementor-column-gap-default\">\n\t\t\t\t\t<div class=\"elementor-column elementor-col-100 elementor-inner-column elementor-element elementor-element-7e1be50\" data-id=\"7e1be50\" data-element_type=\"column\">\n\t\t\t<div class=\"elementor-widget-wrap elementor-element-populated\">\n\t\t\t\t\t\t<div class=\"elementor-element elementor-element-2f7623d elementor-widget elementor-widget-pix-button\" data-id=\"2f7623d\" data-element_type=\"widget\" data-widget_type=\"pix-button.default\">\n\t\t\t\t<div class=\"elementor-widget-container\">\n\t\t\t\t\t<div class=\"d-block w-100 text-center\"><a  href=\"https:\/\/secyapimimarlik.com\/?page_id=4361\" class=\"btn m-0     shadow-sm btn-primary-light d-inline-block pix-hover-item       pix-btn-div btn-lg\"     ><i class=\"font-weight-bold pixicon-messages-2  pix-hover-left  mr-1\"><\/i> <span class=\"font-weight-bold \" >\u0130leti\u015fim<\/span><\/a><\/div>\t\t\t\t<\/div>\n\t\t\t\t<\/div>\n\t\t\t\t\t<\/div>\n\t\t<\/div>\n\t\t\t\t\t<\/div>\n\t\t<\/section>\n\t\t\t\t\t<\/div>\n\t\t<\/div>\n\t\t\t\t\t<\/div>\n\t\t<\/section>\n\t\t\t\t<\/div>\n\t\t","protected":false},"excerpt":{"rendered":"<p>Kentsel D\u00f6n\u00fc\u015f\u00fcm Projelerimiz Projelerimizde, depreme dayan\u0131kl\u0131 in\u015faat teknikleri, estetik tasar\u0131mlar ve s\u00fcrd\u00fcr\u00fclebilir \u00e7\u00f6z\u00fcmleri bir araya getirerek toplumun ya\u015fam kalitesini art\u0131rmay\u0131 hedefliyoruz. Her ad\u0131mda, m\u00fc\u015fterilerimizin ihtiya\u00e7lar\u0131n\u0131 \u00f6n planda tutarak g\u00fcvenli ve konforlu bir ya\u015fam sunmak i\u00e7in \u00e7al\u0131\u015f\u0131yoruz. Hakk\u0131m\u0131zda \u0130leti\u015fim Esentepe Kentsel&#8230;<\/p>\n","protected":false},"author":1,"featured_media":0,"parent":0,"menu_order":0,"comment_status":"closed","ping_status":"closed","template":"","meta":{"footnotes":""},"class_list":["post-4941","page","type-page","status-publish","hentry"],"yoast_head":"<!-- This site is optimized with the Yoast SEO plugin v24.3 - https:\/\/yoast.com\/wordpress\/plugins\/seo\/ -->\n<title>Kentsel D\u00f6n\u00fc\u015f\u00fcm Projeleri - Mimarl\u0131k - M\u00fchendislik - \u0130n\u015faat<\/title>\n<meta name=\"description\" content=\"Se\u00e7 Yap\u0131 | Kentsel D\u00f6n\u00fc\u015f\u00fcm Projeleri, Modern ve s\u00fcrd\u00fcr\u00fclebilir mimari \u00e7\u00f6z\u00fcmler. Detaylar\u0131n\u0131 incelemek i\u00e7in hemen t\u0131klay\u0131n!\" \/>\n<meta name=\"robots\" content=\"index, follow, max-snippet:-1, max-image-preview:large, max-video-preview:-1\" \/>\n<link rel=\"canonical\" href=\"https:\/\/secyapimimarlik.com\/?page_id=4941\" \/>\n<meta property=\"og:locale\" content=\"tr_TR\" \/>\n<meta property=\"og:type\" content=\"article\" \/>\n<meta property=\"og:title\" content=\"Kentsel D\u00f6n\u00fc\u015f\u00fcm Projeleri - Mimarl\u0131k - M\u00fchendislik - \u0130n\u015faat\" \/>\n<meta property=\"og:description\" content=\"Se\u00e7 Yap\u0131 | Kentsel D\u00f6n\u00fc\u015f\u00fcm Projeleri, Modern ve s\u00fcrd\u00fcr\u00fclebilir mimari \u00e7\u00f6z\u00fcmler. Detaylar\u0131n\u0131 incelemek i\u00e7in hemen t\u0131klay\u0131n!\" \/>\n<meta property=\"og:url\" content=\"https:\/\/secyapimimarlik.com\/?page_id=4941\" \/>\n<meta property=\"og:site_name\" content=\"Mimarl\u0131k - M\u00fchendislik - \u0130n\u015faat\" \/>\n<meta property=\"article:modified_time\" content=\"2025-02-03T21:03:18+00:00\" \/>\n<meta property=\"og:image\" content=\"https:\/\/secyapimimarlik.com\/wp-content\/plugins\/pixfort-core\/functions\/images\/loading.webp\" \/>\n<meta name=\"twitter:card\" content=\"summary_large_image\" \/>\n<meta name=\"twitter:label1\" content=\"Tahmini okuma s\u00fcresi\" \/>\n\t<meta name=\"twitter:data1\" content=\"1 dakika\" \/>\n<script type=\"application\/ld+json\" class=\"yoast-schema-graph\">{\"@context\":\"https:\/\/schema.org\",\"@graph\":[{\"@type\":\"WebPage\",\"@id\":\"https:\/\/secyapimimarlik.com\/?page_id=4941\",\"url\":\"https:\/\/secyapimimarlik.com\/?page_id=4941\",\"name\":\"Kentsel D\u00f6n\u00fc\u015f\u00fcm Projeleri - Mimarl\u0131k - M\u00fchendislik - \u0130n\u015faat\",\"isPartOf\":{\"@id\":\"https:\/\/secyapimimarlik.com\/#website\"},\"primaryImageOfPage\":{\"@id\":\"https:\/\/secyapimimarlik.com\/?page_id=4941#primaryimage\"},\"image\":{\"@id\":\"https:\/\/secyapimimarlik.com\/?page_id=4941#primaryimage\"},\"thumbnailUrl\":\"https:\/\/secyapimimarlik.com\/wp-content\/plugins\/pixfort-core\/functions\/images\/loading.webp\",\"datePublished\":\"2025-01-28T04:40:03+00:00\",\"dateModified\":\"2025-02-03T21:03:18+00:00\",\"description\":\"Se\u00e7 Yap\u0131 | Kentsel D\u00f6n\u00fc\u015f\u00fcm Projeleri, Modern ve s\u00fcrd\u00fcr\u00fclebilir mimari \u00e7\u00f6z\u00fcmler. Detaylar\u0131n\u0131 incelemek i\u00e7in hemen t\u0131klay\u0131n!\",\"breadcrumb\":{\"@id\":\"https:\/\/secyapimimarlik.com\/?page_id=4941#breadcrumb\"},\"inLanguage\":\"tr\",\"potentialAction\":[{\"@type\":\"ReadAction\",\"target\":[\"https:\/\/secyapimimarlik.com\/?page_id=4941\"]}]},{\"@type\":\"ImageObject\",\"inLanguage\":\"tr\",\"@id\":\"https:\/\/secyapimimarlik.com\/?page_id=4941#primaryimage\",\"url\":\"https:\/\/secyapimimarlik.com\/wp-content\/plugins\/pixfort-core\/functions\/images\/loading.webp\",\"contentUrl\":\"https:\/\/secyapimimarlik.com\/wp-content\/plugins\/pixfort-core\/functions\/images\/loading.webp\"},{\"@type\":\"BreadcrumbList\",\"@id\":\"https:\/\/secyapimimarlik.com\/?page_id=4941#breadcrumb\",\"itemListElement\":[{\"@type\":\"ListItem\",\"position\":1,\"name\":\"Anasayfa\",\"item\":\"https:\/\/secyapimimarlik.com\/\"},{\"@type\":\"ListItem\",\"position\":2,\"name\":\"Kentsel D\u00f6n\u00fc\u015f\u00fcm Projeleri\"}]},{\"@type\":\"WebSite\",\"@id\":\"https:\/\/secyapimimarlik.com\/#website\",\"url\":\"https:\/\/secyapimimarlik.com\/\",\"name\":\"Mimarl\u0131k - M\u00fchendislik - \u0130n\u015faat\",\"description\":\"\",\"potentialAction\":[{\"@type\":\"SearchAction\",\"target\":{\"@type\":\"EntryPoint\",\"urlTemplate\":\"https:\/\/secyapimimarlik.com\/?s={search_term_string}\"},\"query-input\":{\"@type\":\"PropertyValueSpecification\",\"valueRequired\":true,\"valueName\":\"search_term_string\"}}],\"inLanguage\":\"tr\"}]}<\/script>\n<!-- \/ Yoast SEO plugin. -->","yoast_head_json":{"title":"Kentsel D\u00f6n\u00fc\u015f\u00fcm Projeleri - Mimarl\u0131k - M\u00fchendislik - \u0130n\u015faat","description":"Se\u00e7 Yap\u0131 | Kentsel D\u00f6n\u00fc\u015f\u00fcm Projeleri, Modern ve s\u00fcrd\u00fcr\u00fclebilir mimari \u00e7\u00f6z\u00fcmler. Detaylar\u0131n\u0131 incelemek i\u00e7in hemen t\u0131klay\u0131n!","robots":{"index":"index","follow":"follow","max-snippet":"max-snippet:-1","max-image-preview":"max-image-preview:large","max-video-preview":"max-video-preview:-1"},"canonical":"https:\/\/secyapimimarlik.com\/?page_id=4941","og_locale":"tr_TR","og_type":"article","og_title":"Kentsel D\u00f6n\u00fc\u015f\u00fcm Projeleri - Mimarl\u0131k - M\u00fchendislik - \u0130n\u015faat","og_description":"Se\u00e7 Yap\u0131 | Kentsel D\u00f6n\u00fc\u015f\u00fcm Projeleri, Modern ve s\u00fcrd\u00fcr\u00fclebilir mimari \u00e7\u00f6z\u00fcmler. Detaylar\u0131n\u0131 incelemek i\u00e7in hemen t\u0131klay\u0131n!","og_url":"https:\/\/secyapimimarlik.com\/?page_id=4941","og_site_name":"Mimarl\u0131k - M\u00fchendislik - \u0130n\u015faat","article_modified_time":"2025-02-03T21:03:18+00:00","og_image":[{"url":"https:\/\/secyapimimarlik.com\/wp-content\/plugins\/pixfort-core\/functions\/images\/loading.webp","type":"","width":"","height":""}],"twitter_card":"summary_large_image","twitter_misc":{"Tahmini okuma s\u00fcresi":"1 dakika"},"schema":{"@context":"https:\/\/schema.org","@graph":[{"@type":"WebPage","@id":"https:\/\/secyapimimarlik.com\/?page_id=4941","url":"https:\/\/secyapimimarlik.com\/?page_id=4941","name":"Kentsel D\u00f6n\u00fc\u015f\u00fcm Projeleri - Mimarl\u0131k - M\u00fchendislik - \u0130n\u015faat","isPartOf":{"@id":"https:\/\/secyapimimarlik.com\/#website"},"primaryImageOfPage":{"@id":"https:\/\/secyapimimarlik.com\/?page_id=4941#primaryimage"},"image":{"@id":"https:\/\/secyapimimarlik.com\/?page_id=4941#primaryimage"},"thumbnailUrl":"https:\/\/secyapimimarlik.com\/wp-content\/plugins\/pixfort-core\/functions\/images\/loading.webp","datePublished":"2025-01-28T04:40:03+00:00","dateModified":"2025-02-03T21:03:18+00:00","description":"Se\u00e7 Yap\u0131 | Kentsel D\u00f6n\u00fc\u015f\u00fcm Projeleri, Modern ve s\u00fcrd\u00fcr\u00fclebilir mimari \u00e7\u00f6z\u00fcmler. Detaylar\u0131n\u0131 incelemek i\u00e7in hemen t\u0131klay\u0131n!","breadcrumb":{"@id":"https:\/\/secyapimimarlik.com\/?page_id=4941#breadcrumb"},"inLanguage":"tr","potentialAction":[{"@type":"ReadAction","target":["https:\/\/secyapimimarlik.com\/?page_id=4941"]}]},{"@type":"ImageObject","inLanguage":"tr","@id":"https:\/\/secyapimimarlik.com\/?page_id=4941#primaryimage","url":"https:\/\/secyapimimarlik.com\/wp-content\/plugins\/pixfort-core\/functions\/images\/loading.webp","contentUrl":"https:\/\/secyapimimarlik.com\/wp-content\/plugins\/pixfort-core\/functions\/images\/loading.webp"},{"@type":"BreadcrumbList","@id":"https:\/\/secyapimimarlik.com\/?page_id=4941#breadcrumb","itemListElement":[{"@type":"ListItem","position":1,"name":"Anasayfa","item":"https:\/\/secyapimimarlik.com\/"},{"@type":"ListItem","position":2,"name":"Kentsel D\u00f6n\u00fc\u015f\u00fcm Projeleri"}]},{"@type":"WebSite","@id":"https:\/\/secyapimimarlik.com\/#website","url":"https:\/\/secyapimimarlik.com\/","name":"Mimarl\u0131k - M\u00fchendislik - \u0130n\u015faat","description":"","potentialAction":[{"@type":"SearchAction","target":{"@type":"EntryPoint","urlTemplate":"https:\/\/secyapimimarlik.com\/?s={search_term_string}"},"query-input":{"@type":"PropertyValueSpecification","valueRequired":true,"valueName":"search_term_string"}}],"inLanguage":"tr"}]}},"_links":{"self":[{"href":"https:\/\/secyapimimarlik.com\/index.php?rest_route=\/wp\/v2\/pages\/4941","targetHints":{"allow":["GET"]}}],"collection":[{"href":"https:\/\/secyapimimarlik.com\/index.php?rest_route=\/wp\/v2\/pages"}],"about":[{"href":"https:\/\/secyapimimarlik.com\/index.php?rest_route=\/wp\/v2\/types\/page"}],"author":[{"embeddable":true,"href":"https:\/\/secyapimimarlik.com\/index.php?rest_route=\/wp\/v2\/users\/1"}],"replies":[{"embeddable":true,"href":"https:\/\/secyapimimarlik.com\/index.php?rest_route=%2Fwp%2Fv2%2Fcomments&post=4941"}],"version-history":[{"count":10,"href":"https:\/\/secyapimimarlik.com\/index.php?rest_route=\/wp\/v2\/pages\/4941\/revisions"}],"predecessor-version":[{"id":5058,"href":"https:\/\/secyapimimarlik.com\/index.php?rest_route=\/wp\/v2\/pages\/4941\/revisions\/5058"}],"wp:attachment":[{"href":"https:\/\/secyapimimarlik.com\/index.php?rest_route=%2Fwp%2Fv2%2Fmedia&parent=4941"}],"curies":[{"name":"wp","href":"https:\/\/api.w.org\/{rel}","templated":true}]}}