{"id":4891,"date":"2025-01-28T07:21:44","date_gmt":"2025-01-28T04:21:44","guid":{"rendered":"https:\/\/secyapimimarlik.com\/?page_id=4891"},"modified":"2025-11-12T16:15:00","modified_gmt":"2025-11-12T13:15:00","slug":"okul-projeleri","status":"publish","type":"page","link":"https:\/\/secyapimimarlik.com\/?page_id=4891","title":{"rendered":"Okul Projeleri"},"content":{"rendered":"\t\t<div data-elementor-type=\"wp-page\" data-elementor-id=\"4891\" class=\"elementor elementor-4891\" data-elementor-post-type=\"page\">\n\t\t\t\t\t\t<section class=\"elementor-section elementor-top-section elementor-element elementor-element-75a5d8d elementor-section-boxed elementor-section-height-default elementor-section-height-default\" data-id=\"75a5d8d\" data-element_type=\"section\">\n\t\t\t\t\t\t\t<div class=\"elementor-background-overlay\"><\/div>\n\t\t\t\t\t\t\t<div class=\"elementor-container elementor-column-gap-default\">\n\t\t\t\t\t<div class=\"elementor-column elementor-col-50 elementor-top-column elementor-element elementor-element-d0869f5\" data-id=\"d0869f5\" data-element_type=\"column\">\n\t\t\t<div class=\"elementor-widget-wrap elementor-element-populated\">\n\t\t\t\t\t\t<div class=\"elementor-element elementor-element-05e6674 elementor-widget elementor-widget-pix-highlighted-text\" data-id=\"05e6674\" data-element_type=\"widget\" data-widget_type=\"pix-highlighted-text.default\">\n\t\t\t\t<div class=\"elementor-widget-container\">\n\t\t\t\t\t<div id=\"highlighted-text-62288950\" class=\"pix-highlighted-element text-left \"><h2 class=\"pix-highlighted-items \" style=\"\" data-anim-type=\"\" data-anim-delay=\"\"><span id=\"highlighted-text-62288950-0\" class=\" elementor-repeater-item-d38df35\"><span class=\"pix-highlighted-text pix-highlight-item font-weight-normal  heading-font text-heading-default\">Tamamlanan Okul<\/span><\/span><span id=\"highlighted-text-62288950-1\" class=\"pix-highlight-bg align-middle2   elementor-repeater-item-b2f5606 highlighted-text-62288950-1 animate-in\" data-anim-type=\"highlight-grow\" data-anim-delay=\"200\"><span class=\"pix-highlighted-text  pix-highlight-item font-weight-normal  font-weight-bold heading-font text-heading-default\"> Projelerimiz<\/span><\/span><\/h2><\/div>\t\t\t\t<\/div>\n\t\t\t\t<\/div>\n\t\t\t\t<div class=\"elementor-element elementor-element-b8efb6d elementor-widget elementor-widget-pix-text\" data-id=\"b8efb6d\" data-element_type=\"widget\" data-widget_type=\"pix-text.default\">\n\t\t\t\t<div class=\"elementor-widget-container\">\n\t\t\t\t\t<div class=\"pix-el-text w-100 text-left \" ><p class=\"text-20 resp-option text-dark-opacity-5 text-left \" >Se\u00e7 Yap\u0131 Mimarl\u0131k M\u00fchendislik \u0130n\u015faat olarak, e\u011fitim alan\u0131na de\u011fer katacak modern ve g\u00fcvenli okul binalar\u0131 in\u015fa etmekten gurur duyuyoruz. Tamamlad\u0131\u011f\u0131m\u0131z projelerde, \u00f6\u011frenci ve \u00f6\u011fretmenlerin ihtiya\u00e7lar\u0131na uygun, i\u015flevsel ve estetik tasar\u0131mlar sunarak \u00e7a\u011fda\u015f e\u011fitim standartlar\u0131n\u0131 destekliyoruz.<\/p><\/div>\t\t\t\t<\/div>\n\t\t\t\t<\/div>\n\t\t\t\t<div class=\"elementor-element elementor-element-4d2fe3e elementor-widget__width-auto elementor-widget elementor-widget-pix-button\" data-id=\"4d2fe3e\" data-element_type=\"widget\" data-widget_type=\"pix-button.default\">\n\t\t\t\t<div class=\"elementor-widget-container\">\n\t\t\t\t\t<a  href=\"https:\/\/secyapimimarlik.com\/?page_id=3752\" class=\"btn m-0     shadow-sm btn-primary d-inline-block pix-hover-item       btn-lg\"     ><i class=\"font-weight-bold pixicon-bars-menu  pix-hover-left  mr-1\"><\/i> <span class=\"font-weight-bold \" >Hakk\u0131m\u0131zda<\/span><\/a>\t\t\t\t<\/div>\n\t\t\t\t<\/div>\n\t\t\t\t<div class=\"elementor-element elementor-element-7fa9291 elementor-widget__width-auto elementor-widget elementor-widget-pix-button\" data-id=\"7fa9291\" data-element_type=\"widget\" data-widget_type=\"pix-button.default\">\n\t\t\t\t<div class=\"elementor-widget-container\">\n\t\t\t\t\t<a  href=\"https:\/\/secyapimimarlik.com\/?page_id=4361\" class=\"btn m-0     shadow-sm text-heading-default btn-white d-inline-block pix-hover-item       btn-lg\"     ><i class=\"font-weight-bold pixicon-phone  pix-hover-left  mr-1\"><\/i> <span class=\"font-weight-bold \" >\u0130leti\u015fim<\/span><\/a>\t\t\t\t<\/div>\n\t\t\t\t<\/div>\n\t\t\t\t\t<\/div>\n\t\t<\/div>\n\t\t\t\t<div class=\"elementor-column elementor-col-50 elementor-top-column elementor-element elementor-element-8f48210\" data-id=\"8f48210\" data-element_type=\"column\">\n\t\t\t<div class=\"elementor-widget-wrap\">\n\t\t\t\t\t\t\t<\/div>\n\t\t<\/div>\n\t\t\t\t\t<\/div>\n\t\t<\/section>\n\t\t\t\t<section class=\"elementor-section elementor-top-section elementor-element elementor-element-d03dca3 elementor-section-full_width elementor-section-height-default elementor-section-height-default\" data-id=\"d03dca3\" data-element_type=\"section\">\n\t\t\t\t\t\t<div class=\"elementor-container elementor-column-gap-no\">\n\t\t\t\t\t<div class=\"elementor-column elementor-col-100 elementor-top-column elementor-element elementor-element-e4bbebb\" data-id=\"e4bbebb\" data-element_type=\"column\">\n\t\t\t<div class=\"elementor-widget-wrap elementor-element-populated\">\n\t\t\t\t\t\t<div class=\"elementor-element elementor-element-ae2cd53 elementor-widget elementor-widget-pix-dividers\" data-id=\"ae2cd53\" data-element_type=\"widget\" data-widget_type=\"pix-dividers.default\">\n\t\t\t\t<div class=\"elementor-widget-container\">\n\t\t\t\t\t<div class=\"pix-divider  position-relative pix-bottom-divider\" data-style=\"style-8\" ><svg xmlns=\"http:\/\/www.w3.org\/2000\/svg\" width=\"100%\" height=\"300px\" viewBox=\"0 0 1200 366\" preserveAspectRatio=\"none\"><polygon fill=\"url(#divider-pix-accordion-725397-bottom-overlay-layer-3)\" points=\"0 240 1200 0 1200 366 0 366\" \/><polygon fill=\"url(#divider-pix-accordion-725397-bottom-overlay-layer-2)\" points=\"0 300 1200 60 1200 366 0 366\"  \/><polygon fill=\"#ffffff\" points=\"0 360 1200 120 1200 366 0 366\"\/><defs><linearGradient id=\"divider-pix-accordion-725397-bottom-overlay-layer-3\" x1=\"0%\" y1=\"0%\" x2=\"100%\" y2=\"0%\"><stop offset=\"0%\"   stop-color=\"#00000014\"\/><stop offset=\"100%\"   stop-color=\"#FFFFFF03\"\/><\/linearGradient><linearGradient id=\"divider-pix-accordion-725397-bottom-overlay-layer-2\" x1=\"0%\" y1=\"0%\" x2=\"100%\" y2=\"0%\"><stop offset=\"0%\"   stop-color=\"#FFFFFF03\"\/><stop offset=\"100%\"   stop-color=\"#FFFFFF03\"\/><\/linearGradient><\/defs><\/svg><\/div>\t\t\t\t<\/div>\n\t\t\t\t<\/div>\n\t\t\t\t\t<\/div>\n\t\t<\/div>\n\t\t\t\t\t<\/div>\n\t\t<\/section>\n\t\t\t\t<section class=\"elementor-section elementor-top-section elementor-element elementor-element-c72aa54 elementor-section-boxed elementor-section-height-default elementor-section-height-default\" data-id=\"c72aa54\" data-element_type=\"section\">\n\t\t\t\t\t\t<div class=\"elementor-container elementor-column-gap-default\">\n\t\t\t\t\t<div class=\"elementor-column elementor-col-100 elementor-top-column elementor-element elementor-element-5575ef7\" data-id=\"5575ef7\" data-element_type=\"column\">\n\t\t\t<div class=\"elementor-widget-wrap elementor-element-populated\">\n\t\t\t\t\t\t<section class=\"elementor-section elementor-inner-section elementor-element elementor-element-e205c00 elementor-section-boxed elementor-section-height-default elementor-section-height-default\" data-id=\"e205c00\" data-element_type=\"section\">\n\t\t\t\t\t\t<div class=\"elementor-container elementor-column-gap-default\">\n\t\t\t\t\t<div class=\"elementor-column elementor-col-33 elementor-inner-column elementor-element elementor-element-bbd8444\" data-id=\"bbd8444\" data-element_type=\"column\">\n\t\t\t<div class=\"elementor-widget-wrap elementor-element-populated\">\n\t\t\t\t\t\t<div class=\"elementor-element elementor-element-0cadd42 elementor-invisible elementor-widget elementor-widget-pix-card\" data-id=\"0cadd42\" data-element_type=\"widget\" data-widget_type=\"pix-card.default\">\n\t\t\t\t<div class=\"elementor-widget-container\">\n\t\t\t\t\t<a  rel=\"nofollow\" href=\"https:\/\/secyapimimarlik.com\/?page_id=4896\" class=\" fly\"><div class=\"card    rounded-lg  overflow-hidden shadow-sm shadow-hover fly-sm  animate-in \" data-anim-delay=\"100\" data-anim-type=\"fade-in-up\"><img decoding=\"async\" src=\"https:\/\/secyapimimarlik.com\/wp-content\/plugins\/pixfort-core\/functions\/images\/loading.webp\"   data-srcset=\"\" data-src=\"https:\/\/secyapimimarlik.com\/wp-content\/uploads\/2025\/01\/1_2-scaled.jpg\" class=\"pix-lazy\" loading=\"lazy\" alt=\"Akhisar Macide Ramiz Ta\u015fk\u0131nlar Fen Lisesi\"><div class=\"pix-card-content\"><div class=\"card-body\"><div class=\"d-flex justify-content-between align-items-center font-weight-bold text-heading-default\"><h6 style=\"\" class=\"card-title mb-0 font-weight-bold text-heading-default\">Akhisar Macide Ramiz Ta\u015fk\u0131nlar Fen Lisesi<\/h6><h6 style=\"\" class=\"font-weight-bold text-heading-default pixicon-angle-right\"><\/h6><\/div><\/div><\/div><\/div><\/a>\t\t\t\t<\/div>\n\t\t\t\t<\/div>\n\t\t\t\t\t<\/div>\n\t\t<\/div>\n\t\t\t\t<div class=\"elementor-column elementor-col-33 elementor-inner-column elementor-element elementor-element-b65b52f\" data-id=\"b65b52f\" data-element_type=\"column\">\n\t\t\t<div class=\"elementor-widget-wrap elementor-element-populated\">\n\t\t\t\t\t\t<div class=\"elementor-element elementor-element-f324881 elementor-invisible elementor-widget elementor-widget-pix-card\" data-id=\"f324881\" data-element_type=\"widget\" data-widget_type=\"pix-card.default\">\n\t\t\t\t<div class=\"elementor-widget-container\">\n\t\t\t\t\t<a  rel=\"nofollow\" href=\"https:\/\/secyapimimarlik.com\/?page_id=4924\" class=\" fly\"><div class=\"card    rounded-lg  overflow-hidden shadow-sm shadow-hover fly-sm  animate-in \" data-anim-delay=\"100\" data-anim-type=\"fade-in-up\"><img decoding=\"async\" src=\"https:\/\/secyapimimarlik.com\/wp-content\/plugins\/pixfort-core\/functions\/images\/loading.webp\"   data-srcset=\"\" data-src=\"https:\/\/secyapimimarlik.com\/wp-content\/uploads\/2025\/01\/atakent-aysel-salih-baysak-scaled.jpg\" class=\"pix-lazy\" loading=\"lazy\" alt=\"Kar\u015f\u0131yaka Atakent Aysel - Salih Baysak Anaokulu\"><div class=\"pix-card-content\"><div class=\"card-body\"><div class=\"d-flex justify-content-between align-items-center font-weight-bold text-heading-default\"><h6 style=\"\" class=\"card-title mb-0 font-weight-bold text-heading-default\">Kar\u015f\u0131yaka Atakent Aysel - Salih Baysak Anaokulu<\/h6><h6 style=\"\" class=\"font-weight-bold text-heading-default pixicon-angle-right\"><\/h6><\/div><\/div><\/div><\/div><\/a>\t\t\t\t<\/div>\n\t\t\t\t<\/div>\n\t\t\t\t\t<\/div>\n\t\t<\/div>\n\t\t\t\t<div class=\"elementor-column elementor-col-33 elementor-inner-column elementor-element elementor-element-22b4c82\" data-id=\"22b4c82\" data-element_type=\"column\">\n\t\t\t<div class=\"elementor-widget-wrap\">\n\t\t\t\t\t\t\t<\/div>\n\t\t<\/div>\n\t\t\t\t\t<\/div>\n\t\t<\/section>\n\t\t\t\t<section class=\"elementor-section elementor-inner-section elementor-element elementor-element-266b593 elementor-section-boxed elementor-section-height-default elementor-section-height-default\" data-id=\"266b593\" data-element_type=\"section\">\n\t\t\t\t\t\t<div class=\"elementor-container elementor-column-gap-default\">\n\t\t\t\t\t<div class=\"elementor-column elementor-col-100 elementor-inner-column elementor-element elementor-element-7e1be50\" data-id=\"7e1be50\" data-element_type=\"column\">\n\t\t\t<div class=\"elementor-widget-wrap elementor-element-populated\">\n\t\t\t\t\t\t<div class=\"elementor-element elementor-element-2f7623d elementor-widget elementor-widget-pix-button\" data-id=\"2f7623d\" data-element_type=\"widget\" data-widget_type=\"pix-button.default\">\n\t\t\t\t<div class=\"elementor-widget-container\">\n\t\t\t\t\t<div class=\"d-block w-100 text-center\"><a  href=\"https:\/\/secyapimimarlik.com\/?page_id=4361\" class=\"btn m-0     shadow-sm btn-primary-light d-inline-block pix-hover-item       pix-btn-div btn-lg\"     ><i class=\"font-weight-bold pixicon-messages-2  pix-hover-left  mr-1\"><\/i> <span class=\"font-weight-bold \" >\u0130leti\u015fim<\/span><\/a><\/div>\t\t\t\t<\/div>\n\t\t\t\t<\/div>\n\t\t\t\t\t<\/div>\n\t\t<\/div>\n\t\t\t\t\t<\/div>\n\t\t<\/section>\n\t\t\t\t\t<\/div>\n\t\t<\/div>\n\t\t\t\t\t<\/div>\n\t\t<\/section>\n\t\t\t\t<\/div>\n\t\t","protected":false},"excerpt":{"rendered":"<p>Tamamlanan Okul Projelerimiz Se\u00e7 Yap\u0131 Mimarl\u0131k M\u00fchendislik \u0130n\u015faat olarak, e\u011fitim alan\u0131na de\u011fer katacak modern ve g\u00fcvenli okul binalar\u0131 in\u015fa etmekten gurur duyuyoruz. Tamamlad\u0131\u011f\u0131m\u0131z projelerde, \u00f6\u011frenci ve \u00f6\u011fretmenlerin ihtiya\u00e7lar\u0131na uygun, i\u015flevsel ve estetik tasar\u0131mlar sunarak \u00e7a\u011fda\u015f e\u011fitim standartlar\u0131n\u0131 destekliyoruz. Hakk\u0131m\u0131zda \u0130leti\u015fim&#8230;<\/p>\n","protected":false},"author":1,"featured_media":0,"parent":0,"menu_order":0,"comment_status":"closed","ping_status":"closed","template":"","meta":{"footnotes":""},"class_list":["post-4891","page","type-page","status-publish","hentry"],"yoast_head":"<!-- This site is optimized with the Yoast SEO plugin v24.3 - https:\/\/yoast.com\/wordpress\/plugins\/seo\/ -->\n<title>Okul Projeleri - Mimarl\u0131k - M\u00fchendislik - \u0130n\u015faat<\/title>\n<meta name=\"description\" content=\"Se\u00e7 Yap\u0131 | Okul Projeleri, Modern ve s\u00fcrd\u00fcr\u00fclebilir mimari \u00e7\u00f6z\u00fcmler. Detaylar\u0131n\u0131 incelemek i\u00e7in hemen t\u0131klay\u0131n!\" \/>\n<meta name=\"robots\" content=\"index, follow, max-snippet:-1, max-image-preview:large, max-video-preview:-1\" \/>\n<link rel=\"canonical\" href=\"https:\/\/secyapimimarlik.com\/?page_id=4891\" \/>\n<meta property=\"og:locale\" content=\"tr_TR\" \/>\n<meta property=\"og:type\" content=\"article\" \/>\n<meta property=\"og:title\" content=\"Okul Projeleri - Mimarl\u0131k - M\u00fchendislik - \u0130n\u015faat\" \/>\n<meta property=\"og:description\" content=\"Se\u00e7 Yap\u0131 | Okul Projeleri, Modern ve s\u00fcrd\u00fcr\u00fclebilir mimari \u00e7\u00f6z\u00fcmler. Detaylar\u0131n\u0131 incelemek i\u00e7in hemen t\u0131klay\u0131n!\" \/>\n<meta property=\"og:url\" content=\"https:\/\/secyapimimarlik.com\/?page_id=4891\" \/>\n<meta property=\"og:site_name\" content=\"Mimarl\u0131k - M\u00fchendislik - \u0130n\u015faat\" \/>\n<meta property=\"article:modified_time\" content=\"2025-11-12T13:15:00+00:00\" \/>\n<meta property=\"og:image\" content=\"https:\/\/secyapimimarlik.com\/wp-content\/plugins\/pixfort-core\/functions\/images\/loading.webp\" \/>\n<meta name=\"twitter:card\" content=\"summary_large_image\" \/>\n<meta name=\"twitter:label1\" content=\"Tahmini okuma s\u00fcresi\" \/>\n\t<meta name=\"twitter:data1\" content=\"1 dakika\" \/>\n<script type=\"application\/ld+json\" class=\"yoast-schema-graph\">{\"@context\":\"https:\/\/schema.org\",\"@graph\":[{\"@type\":\"WebPage\",\"@id\":\"https:\/\/secyapimimarlik.com\/?page_id=4891\",\"url\":\"https:\/\/secyapimimarlik.com\/?page_id=4891\",\"name\":\"Okul Projeleri - Mimarl\u0131k - M\u00fchendislik - \u0130n\u015faat\",\"isPartOf\":{\"@id\":\"https:\/\/secyapimimarlik.com\/#website\"},\"primaryImageOfPage\":{\"@id\":\"https:\/\/secyapimimarlik.com\/?page_id=4891#primaryimage\"},\"image\":{\"@id\":\"https:\/\/secyapimimarlik.com\/?page_id=4891#primaryimage\"},\"thumbnailUrl\":\"https:\/\/secyapimimarlik.com\/wp-content\/plugins\/pixfort-core\/functions\/images\/loading.webp\",\"datePublished\":\"2025-01-28T04:21:44+00:00\",\"dateModified\":\"2025-11-12T13:15:00+00:00\",\"description\":\"Se\u00e7 Yap\u0131 | Okul Projeleri, Modern ve s\u00fcrd\u00fcr\u00fclebilir mimari \u00e7\u00f6z\u00fcmler. Detaylar\u0131n\u0131 incelemek i\u00e7in hemen t\u0131klay\u0131n!\",\"breadcrumb\":{\"@id\":\"https:\/\/secyapimimarlik.com\/?page_id=4891#breadcrumb\"},\"inLanguage\":\"tr\",\"potentialAction\":[{\"@type\":\"ReadAction\",\"target\":[\"https:\/\/secyapimimarlik.com\/?page_id=4891\"]}]},{\"@type\":\"ImageObject\",\"inLanguage\":\"tr\",\"@id\":\"https:\/\/secyapimimarlik.com\/?page_id=4891#primaryimage\",\"url\":\"https:\/\/secyapimimarlik.com\/wp-content\/plugins\/pixfort-core\/functions\/images\/loading.webp\",\"contentUrl\":\"https:\/\/secyapimimarlik.com\/wp-content\/plugins\/pixfort-core\/functions\/images\/loading.webp\"},{\"@type\":\"BreadcrumbList\",\"@id\":\"https:\/\/secyapimimarlik.com\/?page_id=4891#breadcrumb\",\"itemListElement\":[{\"@type\":\"ListItem\",\"position\":1,\"name\":\"Anasayfa\",\"item\":\"https:\/\/secyapimimarlik.com\/\"},{\"@type\":\"ListItem\",\"position\":2,\"name\":\"Okul Projeleri\"}]},{\"@type\":\"WebSite\",\"@id\":\"https:\/\/secyapimimarlik.com\/#website\",\"url\":\"https:\/\/secyapimimarlik.com\/\",\"name\":\"Mimarl\u0131k - M\u00fchendislik - \u0130n\u015faat\",\"description\":\"\",\"potentialAction\":[{\"@type\":\"SearchAction\",\"target\":{\"@type\":\"EntryPoint\",\"urlTemplate\":\"https:\/\/secyapimimarlik.com\/?s={search_term_string}\"},\"query-input\":{\"@type\":\"PropertyValueSpecification\",\"valueRequired\":true,\"valueName\":\"search_term_string\"}}],\"inLanguage\":\"tr\"}]}<\/script>\n<!-- \/ Yoast SEO plugin. -->","yoast_head_json":{"title":"Okul Projeleri - Mimarl\u0131k - M\u00fchendislik - \u0130n\u015faat","description":"Se\u00e7 Yap\u0131 | Okul Projeleri, Modern ve s\u00fcrd\u00fcr\u00fclebilir mimari \u00e7\u00f6z\u00fcmler. Detaylar\u0131n\u0131 incelemek i\u00e7in hemen t\u0131klay\u0131n!","robots":{"index":"index","follow":"follow","max-snippet":"max-snippet:-1","max-image-preview":"max-image-preview:large","max-video-preview":"max-video-preview:-1"},"canonical":"https:\/\/secyapimimarlik.com\/?page_id=4891","og_locale":"tr_TR","og_type":"article","og_title":"Okul Projeleri - Mimarl\u0131k - M\u00fchendislik - \u0130n\u015faat","og_description":"Se\u00e7 Yap\u0131 | Okul Projeleri, Modern ve s\u00fcrd\u00fcr\u00fclebilir mimari \u00e7\u00f6z\u00fcmler. Detaylar\u0131n\u0131 incelemek i\u00e7in hemen t\u0131klay\u0131n!","og_url":"https:\/\/secyapimimarlik.com\/?page_id=4891","og_site_name":"Mimarl\u0131k - M\u00fchendislik - \u0130n\u015faat","article_modified_time":"2025-11-12T13:15:00+00:00","og_image":[{"url":"https:\/\/secyapimimarlik.com\/wp-content\/plugins\/pixfort-core\/functions\/images\/loading.webp","type":"","width":"","height":""}],"twitter_card":"summary_large_image","twitter_misc":{"Tahmini okuma s\u00fcresi":"1 dakika"},"schema":{"@context":"https:\/\/schema.org","@graph":[{"@type":"WebPage","@id":"https:\/\/secyapimimarlik.com\/?page_id=4891","url":"https:\/\/secyapimimarlik.com\/?page_id=4891","name":"Okul Projeleri - Mimarl\u0131k - M\u00fchendislik - \u0130n\u015faat","isPartOf":{"@id":"https:\/\/secyapimimarlik.com\/#website"},"primaryImageOfPage":{"@id":"https:\/\/secyapimimarlik.com\/?page_id=4891#primaryimage"},"image":{"@id":"https:\/\/secyapimimarlik.com\/?page_id=4891#primaryimage"},"thumbnailUrl":"https:\/\/secyapimimarlik.com\/wp-content\/plugins\/pixfort-core\/functions\/images\/loading.webp","datePublished":"2025-01-28T04:21:44+00:00","dateModified":"2025-11-12T13:15:00+00:00","description":"Se\u00e7 Yap\u0131 | Okul Projeleri, Modern ve s\u00fcrd\u00fcr\u00fclebilir mimari \u00e7\u00f6z\u00fcmler. Detaylar\u0131n\u0131 incelemek i\u00e7in hemen t\u0131klay\u0131n!","breadcrumb":{"@id":"https:\/\/secyapimimarlik.com\/?page_id=4891#breadcrumb"},"inLanguage":"tr","potentialAction":[{"@type":"ReadAction","target":["https:\/\/secyapimimarlik.com\/?page_id=4891"]}]},{"@type":"ImageObject","inLanguage":"tr","@id":"https:\/\/secyapimimarlik.com\/?page_id=4891#primaryimage","url":"https:\/\/secyapimimarlik.com\/wp-content\/plugins\/pixfort-core\/functions\/images\/loading.webp","contentUrl":"https:\/\/secyapimimarlik.com\/wp-content\/plugins\/pixfort-core\/functions\/images\/loading.webp"},{"@type":"BreadcrumbList","@id":"https:\/\/secyapimimarlik.com\/?page_id=4891#breadcrumb","itemListElement":[{"@type":"ListItem","position":1,"name":"Anasayfa","item":"https:\/\/secyapimimarlik.com\/"},{"@type":"ListItem","position":2,"name":"Okul Projeleri"}]},{"@type":"WebSite","@id":"https:\/\/secyapimimarlik.com\/#website","url":"https:\/\/secyapimimarlik.com\/","name":"Mimarl\u0131k - M\u00fchendislik - \u0130n\u015faat","description":"","potentialAction":[{"@type":"SearchAction","target":{"@type":"EntryPoint","urlTemplate":"https:\/\/secyapimimarlik.com\/?s={search_term_string}"},"query-input":{"@type":"PropertyValueSpecification","valueRequired":true,"valueName":"search_term_string"}}],"inLanguage":"tr"}]}},"_links":{"self":[{"href":"https:\/\/secyapimimarlik.com\/index.php?rest_route=\/wp\/v2\/pages\/4891","targetHints":{"allow":["GET"]}}],"collection":[{"href":"https:\/\/secyapimimarlik.com\/index.php?rest_route=\/wp\/v2\/pages"}],"about":[{"href":"https:\/\/secyapimimarlik.com\/index.php?rest_route=\/wp\/v2\/types\/page"}],"author":[{"embeddable":true,"href":"https:\/\/secyapimimarlik.com\/index.php?rest_route=\/wp\/v2\/users\/1"}],"replies":[{"embeddable":true,"href":"https:\/\/secyapimimarlik.com\/index.php?rest_route=%2Fwp%2Fv2%2Fcomments&post=4891"}],"version-history":[{"count":25,"href":"https:\/\/secyapimimarlik.com\/index.php?rest_route=\/wp\/v2\/pages\/4891\/revisions"}],"predecessor-version":[{"id":5243,"href":"https:\/\/secyapimimarlik.com\/index.php?rest_route=\/wp\/v2\/pages\/4891\/revisions\/5243"}],"wp:attachment":[{"href":"https:\/\/secyapimimarlik.com\/index.php?rest_route=%2Fwp%2Fv2%2Fmedia&parent=4891"}],"curies":[{"name":"wp","href":"https:\/\/api.w.org\/{rel}","templated":true}]}}