{"id":4463,"date":"2025-01-28T04:21:53","date_gmt":"2025-01-28T01:21:53","guid":{"rendered":"https:\/\/secyapimimarlik.com\/?page_id=4463"},"modified":"2025-02-03T23:13:15","modified_gmt":"2025-02-03T20:13:15","slug":"yonetim-politikamiz","status":"publish","type":"page","link":"https:\/\/secyapimimarlik.com\/?page_id=4463","title":{"rendered":"Y\u00f6netim Politikam\u0131z"},"content":{"rendered":"\t\t<div data-elementor-type=\"wp-page\" data-elementor-id=\"4463\" class=\"elementor elementor-4463\" data-elementor-post-type=\"page\">\n\t\t\t\t\t\t<section class=\"elementor-section elementor-top-section elementor-element elementor-element-109a726 elementor-section-height-min-height elementor-section-stretched elementor-section-boxed elementor-section-height-default elementor-section-items-middle\" data-id=\"109a726\" data-element_type=\"section\" data-settings=\"{&quot;stretch_section&quot;:&quot;section-stretched&quot;,&quot;background_background&quot;:&quot;classic&quot;}\">\n\t\t\t\t\t\t\t<div class=\"elementor-background-overlay\"><\/div>\n\t\t\t\t\t\t\t<div class=\"elementor-container elementor-column-gap-default\">\n\t\t\t\t\t<div class=\"elementor-column elementor-col-100 elementor-top-column elementor-element elementor-element-0b1f77d\" data-id=\"0b1f77d\" data-element_type=\"column\">\n\t\t\t<div class=\"elementor-widget-wrap elementor-element-populated\">\n\t\t\t\t\t\t<section class=\"elementor-section elementor-inner-section elementor-element elementor-element-7014a0d elementor-section-boxed elementor-section-height-default elementor-section-height-default\" data-id=\"7014a0d\" data-element_type=\"section\">\n\t\t\t\t\t\t<div class=\"elementor-container elementor-column-gap-default\">\n\t\t\t\t\t<div class=\"elementor-column elementor-col-100 elementor-inner-column elementor-element elementor-element-bf72c18\" data-id=\"bf72c18\" data-element_type=\"column\">\n\t\t\t<div class=\"elementor-widget-wrap elementor-element-populated\">\n\t\t\t\t\t\t<div class=\"elementor-element elementor-element-7e70b79 elementor-widget elementor-widget-pix-heading\" data-id=\"7e70b79\" data-element_type=\"widget\" data-widget_type=\"pix-heading.default\">\n\t\t\t\t<div class=\"elementor-widget-container\">\n\t\t\t\t\t<div  class=\"pix-heading-el text-left \"><div><div class=\"slide-in-container2\"><h3 class=\"text-white font-weight-bold heading-text el-title_custom_color mb-12\" style=\"\" data-anim-type=\"\" data-anim-delay=\"\">Y\u00f6netim Politikam\u0131z<\/h3><\/div><\/div><\/div>\t\t\t\t<\/div>\n\t\t\t\t<\/div>\n\t\t\t\t\t<\/div>\n\t\t<\/div>\n\t\t\t\t\t<\/div>\n\t\t<\/section>\n\t\t\t\t\t<\/div>\n\t\t<\/div>\n\t\t\t\t\t<\/div>\n\t\t<\/section>\n\t\t\t\t<section class=\"elementor-section elementor-top-section elementor-element elementor-element-2ccbffa5 elementor-section-stretched elementor-section-boxed elementor-section-height-default elementor-section-height-default\" data-id=\"2ccbffa5\" data-element_type=\"section\" data-settings=\"{&quot;stretch_section&quot;:&quot;section-stretched&quot;,&quot;background_background&quot;:&quot;classic&quot;}\">\n\t\t\t\t\t\t<div class=\"elementor-container elementor-column-gap-default\">\n\t\t\t\t\t<div class=\"elementor-column elementor-col-100 elementor-top-column elementor-element elementor-element-5f915236\" data-id=\"5f915236\" data-element_type=\"column\">\n\t\t\t<div class=\"elementor-widget-wrap elementor-element-populated\">\n\t\t\t\t\t\t<div class=\"elementor-element elementor-element-e1ef589 elementor-widget elementor-widget-pix-sliding-text\" data-id=\"e1ef589\" data-element_type=\"widget\" data-widget_type=\"pix-sliding-text.default\">\n\t\t\t\t<div class=\"elementor-widget-container\">\n\t\t\t\t\t<div id=\"sliding-text-13904015\" class=\"mb-3 text-center \"><div class=\"d-inline-block\" style=\"max-width:850px;\"><h2 class=\"mb-32 pix-sliding-headline-2 animate-in font-weight-bold secondary-font \" data-anim-type=\"pix-sliding-text\" pix-anim-delay=\"500\" data-class=\"secondary-font text-heading-default\" style=\"\"><span class=\"slide-in-container \"><span class=\"pix-sliding-item secondary-font text-heading-default\" style=\"transition-delay: 0ms;\">Y\u00f6netim&#32;<\/span><\/span> <span class=\"slide-in-container \"><span class=\"pix-sliding-item secondary-font text-heading-default\" style=\"transition-delay: 150ms;\">Politikam\u0131z&#32;<\/span><\/span> <\/h2><\/div><\/div>\t\t\t\t<\/div>\n\t\t\t\t<\/div>\n\t\t\t\t<div class=\"elementor-element elementor-element-7af0f155 elementor-invisible elementor-widget elementor-widget-pix-text\" data-id=\"7af0f155\" data-element_type=\"widget\" data-widget_type=\"pix-text.default\">\n\t\t\t\t<div class=\"elementor-widget-container\">\n\t\t\t\t\t<div class=\"pix-el-text w-100 text-center \" ><div class=\"d-inline-block\" style=\"max-width:700px;\"><p class=\"resp-option text-center \"><div class=\" animate-in d-inline-block\" data-anim-delay=\"200\" data-anim-type=\"fade-in-up\"><p><strong>SEC YAPI<\/strong>, m\u00fc\u015fteri isteklerini kar\u015f\u0131lamay\u0131 ve beklentilerinin \u00f6tesine ge\u00e7meyi temel politikas\u0131 olarak benimsemi\u015ftir. Bu politikay\u0131 benimserken; \u00fcst d\u00fczey kalite standartlar\u0131, zaman\u0131nda teslim, yenilik\u00e7i teknoloji kullan\u0131m\u0131, y\u00fcksek g\u00f6rsellik ve estetik anlay\u0131\u015f\u0131 gibi \u00f6\u011feleri ilke edinmi\u015ftir.<\/p><\/div><\/p><\/div><\/div>\t\t\t\t<\/div>\n\t\t\t\t<\/div>\n\t\t\t\t\t<\/div>\n\t\t<\/div>\n\t\t\t\t\t<\/div>\n\t\t<\/section>\n\t\t\t\t<section class=\"elementor-section elementor-top-section elementor-element elementor-element-191d1b6d elementor-section-stretched elementor-section-boxed elementor-section-height-default elementor-section-height-default\" data-id=\"191d1b6d\" data-element_type=\"section\" data-settings=\"{&quot;stretch_section&quot;:&quot;section-stretched&quot;,&quot;background_background&quot;:&quot;classic&quot;,&quot;shape_divider_top&quot;:&quot;tilt&quot;,&quot;shape_divider_bottom&quot;:&quot;tilt&quot;}\">\n\t\t\t\t\t<div class=\"elementor-shape elementor-shape-top\" data-negative=\"false\">\n\t\t\t<svg xmlns=\"http:\/\/www.w3.org\/2000\/svg\" viewBox=\"0 0 1000 100\" preserveAspectRatio=\"none\">\n\t<path class=\"elementor-shape-fill\" d=\"M0,6V0h1000v100L0,6z\"\/>\n<\/svg>\t\t<\/div>\n\t\t\t\t<div class=\"elementor-shape elementor-shape-bottom\" data-negative=\"false\">\n\t\t\t<svg xmlns=\"http:\/\/www.w3.org\/2000\/svg\" viewBox=\"0 0 1000 100\" preserveAspectRatio=\"none\">\n\t<path class=\"elementor-shape-fill\" d=\"M0,6V0h1000v100L0,6z\"\/>\n<\/svg>\t\t<\/div>\n\t\t\t\t\t<div class=\"elementor-container elementor-column-gap-default\">\n\t\t\t\t\t<div class=\"elementor-column elementor-col-100 elementor-top-column elementor-element elementor-element-5a1c17ef\" data-id=\"5a1c17ef\" data-element_type=\"column\">\n\t\t\t<div class=\"elementor-widget-wrap elementor-element-populated\">\n\t\t\t\t\t\t<section class=\"elementor-section elementor-inner-section elementor-element elementor-element-ce09793 elementor-section-boxed elementor-section-height-default elementor-section-height-default\" data-id=\"ce09793\" data-element_type=\"section\">\n\t\t\t\t\t\t<div class=\"elementor-container elementor-column-gap-default\">\n\t\t\t\t\t<div class=\"elementor-column elementor-col-33 elementor-inner-column elementor-element elementor-element-03779a8\" data-id=\"03779a8\" data-element_type=\"column\">\n\t\t\t<div class=\"elementor-widget-wrap elementor-element-populated\">\n\t\t\t\t\t\t<div class=\"elementor-element elementor-element-5ff3032 bg-white fly-sm shadow-lg shadow-hover-lg rounded-10 elementor-widget elementor-widget-pix-feature\" data-id=\"5ff3032\" data-element_type=\"widget\" data-widget_type=\"pix-feature.default\">\n\t\t\t\t<div class=\"elementor-widget-container\">\n\t\t\t\t\t<a href=\"#\" ><div id=\"duo-icon-91465928\" class=\"pix-feature-el  media \"><div class=\"mr-3 feature_img \"   style=\"position:relative;text-align:center;\"><i style=\"display:inline-block;font-size:40px;min-width:40px;line-height:40px;\" class=\"text-gradient-primary align-middle pixicon-check-circle-2\"><\/i><\/div><div class=\"media-body text-custom\"><h6 class=\"font-weight-bold   text-heading-default  \" style=\"padding-top:8px;\"  >Kalite ve G\u00fcvenilirlik<\/h6><div class=\"text-text-gray    font-weight-bold  \" style=\"\"  ><\/div><\/div><\/div><\/a>\t\t\t\t<\/div>\n\t\t\t\t<\/div>\n\t\t\t\t\t<\/div>\n\t\t<\/div>\n\t\t\t\t<div class=\"elementor-column elementor-col-33 elementor-inner-column elementor-element elementor-element-37fbcad\" data-id=\"37fbcad\" data-element_type=\"column\">\n\t\t\t<div class=\"elementor-widget-wrap elementor-element-populated\">\n\t\t\t\t\t\t<div class=\"elementor-element elementor-element-f62d013 bg-white fly-sm shadow-lg shadow-hover-lg rounded-10 elementor-widget elementor-widget-pix-feature\" data-id=\"f62d013\" data-element_type=\"widget\" data-widget_type=\"pix-feature.default\">\n\t\t\t\t<div class=\"elementor-widget-container\">\n\t\t\t\t\t<a href=\"#\" ><div id=\"duo-icon-92575744\" class=\"pix-feature-el  media \"><div class=\"mr-3 feature_img \"   style=\"position:relative;text-align:center;\"><i style=\"display:inline-block;font-size:40px;min-width:40px;line-height:40px;\" class=\"text-gradient-primary align-middle pixicon-check-circle-2\"><\/i><\/div><div class=\"media-body text-custom\"><h6 class=\"font-weight-bold   text-heading-default  \" style=\"padding-top:8px;\"  >M\u00fc\u015fteri Odakl\u0131 Yakla\u015f\u0131m<\/h6><div class=\"text-text-gray    font-weight-bold  \" style=\"\"  ><\/div><\/div><\/div><\/a>\t\t\t\t<\/div>\n\t\t\t\t<\/div>\n\t\t\t\t\t<\/div>\n\t\t<\/div>\n\t\t\t\t<div class=\"elementor-column elementor-col-33 elementor-inner-column elementor-element elementor-element-3756c5e\" data-id=\"3756c5e\" data-element_type=\"column\">\n\t\t\t<div class=\"elementor-widget-wrap elementor-element-populated\">\n\t\t\t\t\t\t<div class=\"elementor-element elementor-element-8d3bf69 bg-white fly-sm shadow-lg shadow-hover-lg rounded-10 elementor-widget elementor-widget-pix-feature\" data-id=\"8d3bf69\" data-element_type=\"widget\" data-widget_type=\"pix-feature.default\">\n\t\t\t\t<div class=\"elementor-widget-container\">\n\t\t\t\t\t<a href=\"#\" ><div id=\"duo-icon-30196459\" class=\"pix-feature-el  media \"><div class=\"mr-3 feature_img \"   style=\"position:relative;text-align:center;\"><i style=\"display:inline-block;font-size:40px;min-width:40px;line-height:40px;\" class=\"text-gradient-primary align-middle pixicon-check-circle-2\"><\/i><\/div><div class=\"media-body text-custom\"><h6 class=\"font-weight-bold   text-heading-default  \" style=\"padding-top:8px;\"  >\u00c7evre Dostu Projeler<\/h6><div class=\"text-text-gray    font-weight-bold  \" style=\"\"  ><\/div><\/div><\/div><\/a>\t\t\t\t<\/div>\n\t\t\t\t<\/div>\n\t\t\t\t\t<\/div>\n\t\t<\/div>\n\t\t\t\t\t<\/div>\n\t\t<\/section>\n\t\t\t\t<section class=\"elementor-section elementor-inner-section elementor-element elementor-element-5587de4 elementor-section-boxed elementor-section-height-default elementor-section-height-default\" data-id=\"5587de4\" data-element_type=\"section\">\n\t\t\t\t\t\t<div class=\"elementor-container elementor-column-gap-default\">\n\t\t\t\t\t<div class=\"elementor-column elementor-col-33 elementor-inner-column elementor-element elementor-element-e685289\" data-id=\"e685289\" data-element_type=\"column\">\n\t\t\t<div class=\"elementor-widget-wrap elementor-element-populated\">\n\t\t\t\t\t\t<div class=\"elementor-element elementor-element-418ba3e bg-white fly-sm shadow-lg shadow-hover-lg rounded-10 elementor-widget elementor-widget-pix-feature\" data-id=\"418ba3e\" data-element_type=\"widget\" data-widget_type=\"pix-feature.default\">\n\t\t\t\t<div class=\"elementor-widget-container\">\n\t\t\t\t\t<a href=\"#\" ><div id=\"duo-icon-112610804\" class=\"pix-feature-el  media \"><div class=\"mr-3 feature_img \"   style=\"position:relative;text-align:center;\"><i style=\"display:inline-block;font-size:40px;min-width:40px;line-height:40px;\" class=\"text-gradient-primary align-middle pixicon-check-circle-2\"><\/i><\/div><div class=\"media-body text-custom\"><h6 class=\"font-weight-bold   text-heading-default  \" style=\"padding-top:8px;\"  >Yenilik\u00e7i ve Modern Tasar\u0131mlar<\/h6><div class=\"text-text-gray    font-weight-bold  \" style=\"\"  ><\/div><\/div><\/div><\/a>\t\t\t\t<\/div>\n\t\t\t\t<\/div>\n\t\t\t\t\t<\/div>\n\t\t<\/div>\n\t\t\t\t<div class=\"elementor-column elementor-col-33 elementor-inner-column elementor-element elementor-element-6fa68d9\" data-id=\"6fa68d9\" data-element_type=\"column\">\n\t\t\t<div class=\"elementor-widget-wrap elementor-element-populated\">\n\t\t\t\t\t\t<div class=\"elementor-element elementor-element-9202af7 bg-white fly-sm shadow-lg shadow-hover-lg rounded-10 elementor-widget elementor-widget-pix-feature\" data-id=\"9202af7\" data-element_type=\"widget\" data-widget_type=\"pix-feature.default\">\n\t\t\t\t<div class=\"elementor-widget-container\">\n\t\t\t\t\t<a href=\"#\" ><div id=\"duo-icon-103719414\" class=\"pix-feature-el  media \"><div class=\"mr-3 feature_img \"   style=\"position:relative;text-align:center;\"><i style=\"display:inline-block;font-size:40px;min-width:40px;line-height:40px;\" class=\"text-gradient-primary align-middle pixicon-check-circle-2\"><\/i><\/div><div class=\"media-body text-custom\"><h6 class=\"font-weight-bold   text-heading-default  \" style=\"padding-top:8px;\"  >Zaman\u0131nda Teslim<\/h6><div class=\"text-text-gray    font-weight-bold  \" style=\"\"  ><\/div><\/div><\/div><\/a>\t\t\t\t<\/div>\n\t\t\t\t<\/div>\n\t\t\t\t\t<\/div>\n\t\t<\/div>\n\t\t\t\t<div class=\"elementor-column elementor-col-33 elementor-inner-column elementor-element elementor-element-4b790d6\" data-id=\"4b790d6\" data-element_type=\"column\">\n\t\t\t<div class=\"elementor-widget-wrap elementor-element-populated\">\n\t\t\t\t\t\t<div class=\"elementor-element elementor-element-b0e586d bg-white fly-sm shadow-lg shadow-hover-lg rounded-10 elementor-widget elementor-widget-pix-feature\" data-id=\"b0e586d\" data-element_type=\"widget\" data-widget_type=\"pix-feature.default\">\n\t\t\t\t<div class=\"elementor-widget-container\">\n\t\t\t\t\t<a href=\"#\" ><div id=\"duo-icon-53674912\" class=\"pix-feature-el  media \"><div class=\"mr-3 feature_img \"   style=\"position:relative;text-align:center;\"><i style=\"display:inline-block;font-size:40px;min-width:40px;line-height:40px;\" class=\"text-gradient-primary align-middle pixicon-check-circle-2\"><\/i><\/div><div class=\"media-body text-custom\"><h6 class=\"font-weight-bold   text-heading-default  \" style=\"padding-top:8px;\"  >Deneyimli ve Uzman Ekip<\/h6><div class=\"text-text-gray    font-weight-bold  \" style=\"\"  ><\/div><\/div><\/div><\/a>\t\t\t\t<\/div>\n\t\t\t\t<\/div>\n\t\t\t\t\t<\/div>\n\t\t<\/div>\n\t\t\t\t\t<\/div>\n\t\t<\/section>\n\t\t\t\t\t<\/div>\n\t\t<\/div>\n\t\t\t\t\t<\/div>\n\t\t<\/section>\n\t\t\t\t<\/div>\n\t\t","protected":false},"excerpt":{"rendered":"<p>Y\u00f6netim Politikam\u0131z Y\u00f6netim&#32; Politikam\u0131z&#32; SEC YAPI, m\u00fc\u015fteri isteklerini kar\u015f\u0131lamay\u0131 ve beklentilerinin \u00f6tesine ge\u00e7meyi temel politikas\u0131 olarak benimsemi\u015ftir. Bu politikay\u0131 benimserken; \u00fcst d\u00fczey kalite standartlar\u0131, zaman\u0131nda teslim, yenilik\u00e7i teknoloji kullan\u0131m\u0131, y\u00fcksek g\u00f6rsellik ve estetik anlay\u0131\u015f\u0131 gibi \u00f6\u011feleri ilke edinmi\u015ftir. Kalite ve&#8230;<\/p>\n","protected":false},"author":1,"featured_media":0,"parent":0,"menu_order":0,"comment_status":"closed","ping_status":"closed","template":"","meta":{"footnotes":""},"class_list":["post-4463","page","type-page","status-publish","hentry"],"yoast_head":"<!-- This site is optimized with the Yoast SEO plugin v24.3 - https:\/\/yoast.com\/wordpress\/plugins\/seo\/ -->\n<title>Y\u00f6netim Politikam\u0131z - Mimarl\u0131k - M\u00fchendislik - \u0130n\u015faat<\/title>\n<meta name=\"description\" content=\"Sec Yap\u0131 Y\u00f6netim Politikas\u0131 | Etkin proje y\u00f6netimi ve \u015feffaf ileti\u015fimle m\u00fc\u015fteri memnuniyetini \u00f6n planda tutuyoruz. Y\u00f6netim politikam\u0131z hakk\u0131nda detayl\u0131 bilgi al\u0131n.\" \/>\n<meta name=\"robots\" content=\"index, follow, max-snippet:-1, max-image-preview:large, max-video-preview:-1\" \/>\n<link rel=\"canonical\" href=\"https:\/\/secyapimimarlik.com\/?page_id=4463\" \/>\n<meta property=\"og:locale\" content=\"tr_TR\" \/>\n<meta property=\"og:type\" content=\"article\" \/>\n<meta property=\"og:title\" content=\"Y\u00f6netim Politikam\u0131z - Mimarl\u0131k - M\u00fchendislik - \u0130n\u015faat\" \/>\n<meta property=\"og:description\" content=\"Sec Yap\u0131 Y\u00f6netim Politikas\u0131 | Etkin proje y\u00f6netimi ve \u015feffaf ileti\u015fimle m\u00fc\u015fteri memnuniyetini \u00f6n planda tutuyoruz. Y\u00f6netim politikam\u0131z hakk\u0131nda detayl\u0131 bilgi al\u0131n.\" \/>\n<meta property=\"og:url\" content=\"https:\/\/secyapimimarlik.com\/?page_id=4463\" \/>\n<meta property=\"og:site_name\" content=\"Mimarl\u0131k - M\u00fchendislik - \u0130n\u015faat\" \/>\n<meta property=\"article:modified_time\" content=\"2025-02-03T20:13:15+00:00\" \/>\n<meta name=\"twitter:card\" content=\"summary_large_image\" \/>\n<meta name=\"twitter:label1\" content=\"Tahmini okuma s\u00fcresi\" \/>\n\t<meta name=\"twitter:data1\" content=\"1 dakika\" \/>\n<script type=\"application\/ld+json\" class=\"yoast-schema-graph\">{\"@context\":\"https:\/\/schema.org\",\"@graph\":[{\"@type\":\"WebPage\",\"@id\":\"https:\/\/secyapimimarlik.com\/?page_id=4463\",\"url\":\"https:\/\/secyapimimarlik.com\/?page_id=4463\",\"name\":\"Y\u00f6netim Politikam\u0131z - Mimarl\u0131k - M\u00fchendislik - \u0130n\u015faat\",\"isPartOf\":{\"@id\":\"https:\/\/secyapimimarlik.com\/#website\"},\"datePublished\":\"2025-01-28T01:21:53+00:00\",\"dateModified\":\"2025-02-03T20:13:15+00:00\",\"description\":\"Sec Yap\u0131 Y\u00f6netim Politikas\u0131 | Etkin proje y\u00f6netimi ve \u015feffaf ileti\u015fimle m\u00fc\u015fteri memnuniyetini \u00f6n planda tutuyoruz. Y\u00f6netim politikam\u0131z hakk\u0131nda detayl\u0131 bilgi al\u0131n.\",\"breadcrumb\":{\"@id\":\"https:\/\/secyapimimarlik.com\/?page_id=4463#breadcrumb\"},\"inLanguage\":\"tr\",\"potentialAction\":[{\"@type\":\"ReadAction\",\"target\":[\"https:\/\/secyapimimarlik.com\/?page_id=4463\"]}]},{\"@type\":\"BreadcrumbList\",\"@id\":\"https:\/\/secyapimimarlik.com\/?page_id=4463#breadcrumb\",\"itemListElement\":[{\"@type\":\"ListItem\",\"position\":1,\"name\":\"Anasayfa\",\"item\":\"https:\/\/secyapimimarlik.com\/\"},{\"@type\":\"ListItem\",\"position\":2,\"name\":\"Y\u00f6netim Politikam\u0131z\"}]},{\"@type\":\"WebSite\",\"@id\":\"https:\/\/secyapimimarlik.com\/#website\",\"url\":\"https:\/\/secyapimimarlik.com\/\",\"name\":\"Mimarl\u0131k - M\u00fchendislik - \u0130n\u015faat\",\"description\":\"\",\"potentialAction\":[{\"@type\":\"SearchAction\",\"target\":{\"@type\":\"EntryPoint\",\"urlTemplate\":\"https:\/\/secyapimimarlik.com\/?s={search_term_string}\"},\"query-input\":{\"@type\":\"PropertyValueSpecification\",\"valueRequired\":true,\"valueName\":\"search_term_string\"}}],\"inLanguage\":\"tr\"}]}<\/script>\n<!-- \/ Yoast SEO plugin. -->","yoast_head_json":{"title":"Y\u00f6netim Politikam\u0131z - Mimarl\u0131k - M\u00fchendislik - \u0130n\u015faat","description":"Sec Yap\u0131 Y\u00f6netim Politikas\u0131 | Etkin proje y\u00f6netimi ve \u015feffaf ileti\u015fimle m\u00fc\u015fteri memnuniyetini \u00f6n planda tutuyoruz. Y\u00f6netim politikam\u0131z hakk\u0131nda detayl\u0131 bilgi al\u0131n.","robots":{"index":"index","follow":"follow","max-snippet":"max-snippet:-1","max-image-preview":"max-image-preview:large","max-video-preview":"max-video-preview:-1"},"canonical":"https:\/\/secyapimimarlik.com\/?page_id=4463","og_locale":"tr_TR","og_type":"article","og_title":"Y\u00f6netim Politikam\u0131z - Mimarl\u0131k - M\u00fchendislik - \u0130n\u015faat","og_description":"Sec Yap\u0131 Y\u00f6netim Politikas\u0131 | Etkin proje y\u00f6netimi ve \u015feffaf ileti\u015fimle m\u00fc\u015fteri memnuniyetini \u00f6n planda tutuyoruz. Y\u00f6netim politikam\u0131z hakk\u0131nda detayl\u0131 bilgi al\u0131n.","og_url":"https:\/\/secyapimimarlik.com\/?page_id=4463","og_site_name":"Mimarl\u0131k - M\u00fchendislik - \u0130n\u015faat","article_modified_time":"2025-02-03T20:13:15+00:00","twitter_card":"summary_large_image","twitter_misc":{"Tahmini okuma s\u00fcresi":"1 dakika"},"schema":{"@context":"https:\/\/schema.org","@graph":[{"@type":"WebPage","@id":"https:\/\/secyapimimarlik.com\/?page_id=4463","url":"https:\/\/secyapimimarlik.com\/?page_id=4463","name":"Y\u00f6netim Politikam\u0131z - Mimarl\u0131k - M\u00fchendislik - \u0130n\u015faat","isPartOf":{"@id":"https:\/\/secyapimimarlik.com\/#website"},"datePublished":"2025-01-28T01:21:53+00:00","dateModified":"2025-02-03T20:13:15+00:00","description":"Sec Yap\u0131 Y\u00f6netim Politikas\u0131 | Etkin proje y\u00f6netimi ve \u015feffaf ileti\u015fimle m\u00fc\u015fteri memnuniyetini \u00f6n planda tutuyoruz. Y\u00f6netim politikam\u0131z hakk\u0131nda detayl\u0131 bilgi al\u0131n.","breadcrumb":{"@id":"https:\/\/secyapimimarlik.com\/?page_id=4463#breadcrumb"},"inLanguage":"tr","potentialAction":[{"@type":"ReadAction","target":["https:\/\/secyapimimarlik.com\/?page_id=4463"]}]},{"@type":"BreadcrumbList","@id":"https:\/\/secyapimimarlik.com\/?page_id=4463#breadcrumb","itemListElement":[{"@type":"ListItem","position":1,"name":"Anasayfa","item":"https:\/\/secyapimimarlik.com\/"},{"@type":"ListItem","position":2,"name":"Y\u00f6netim Politikam\u0131z"}]},{"@type":"WebSite","@id":"https:\/\/secyapimimarlik.com\/#website","url":"https:\/\/secyapimimarlik.com\/","name":"Mimarl\u0131k - M\u00fchendislik - \u0130n\u015faat","description":"","potentialAction":[{"@type":"SearchAction","target":{"@type":"EntryPoint","urlTemplate":"https:\/\/secyapimimarlik.com\/?s={search_term_string}"},"query-input":{"@type":"PropertyValueSpecification","valueRequired":true,"valueName":"search_term_string"}}],"inLanguage":"tr"}]}},"_links":{"self":[{"href":"https:\/\/secyapimimarlik.com\/index.php?rest_route=\/wp\/v2\/pages\/4463","targetHints":{"allow":["GET"]}}],"collection":[{"href":"https:\/\/secyapimimarlik.com\/index.php?rest_route=\/wp\/v2\/pages"}],"about":[{"href":"https:\/\/secyapimimarlik.com\/index.php?rest_route=\/wp\/v2\/types\/page"}],"author":[{"embeddable":true,"href":"https:\/\/secyapimimarlik.com\/index.php?rest_route=\/wp\/v2\/users\/1"}],"replies":[{"embeddable":true,"href":"https:\/\/secyapimimarlik.com\/index.php?rest_route=%2Fwp%2Fv2%2Fcomments&post=4463"}],"version-history":[{"count":4,"href":"https:\/\/secyapimimarlik.com\/index.php?rest_route=\/wp\/v2\/pages\/4463\/revisions"}],"predecessor-version":[{"id":4467,"href":"https:\/\/secyapimimarlik.com\/index.php?rest_route=\/wp\/v2\/pages\/4463\/revisions\/4467"}],"wp:attachment":[{"href":"https:\/\/secyapimimarlik.com\/index.php?rest_route=%2Fwp%2Fv2%2Fmedia&parent=4463"}],"curies":[{"name":"wp","href":"https:\/\/api.w.org\/{rel}","templated":true}]}}