{"id":4361,"date":"2021-03-30T23:29:09","date_gmt":"2021-03-30T23:29:09","guid":{"rendered":"https:\/\/essentials.pixfort.com\/modern-elementor\/?page_id=3816"},"modified":"2025-02-03T23:15:08","modified_gmt":"2025-02-03T20:15:08","slug":"iletisim","status":"publish","type":"page","link":"https:\/\/secyapimimarlik.com\/?page_id=4361","title":{"rendered":"\u0130leti\u015fim"},"content":{"rendered":"\t\t<div data-elementor-type=\"wp-page\" data-elementor-id=\"4361\" class=\"elementor elementor-4361\" data-elementor-post-type=\"page\">\n\t\t\t\t\t\t<section class=\"elementor-section elementor-top-section elementor-element elementor-element-71d3dd1 elementor-section-height-min-height elementor-section-stretched elementor-section-boxed elementor-section-height-default elementor-section-items-middle\" data-id=\"71d3dd1\" data-element_type=\"section\" data-settings=\"{&quot;stretch_section&quot;:&quot;section-stretched&quot;,&quot;background_background&quot;:&quot;classic&quot;}\">\n\t\t\t\t\t\t\t<div class=\"elementor-background-overlay\"><\/div>\n\t\t\t\t\t\t\t<div class=\"elementor-container elementor-column-gap-default\">\n\t\t\t\t\t<div class=\"elementor-column elementor-col-100 elementor-top-column elementor-element elementor-element-3fb45f8\" data-id=\"3fb45f8\" data-element_type=\"column\">\n\t\t\t<div class=\"elementor-widget-wrap elementor-element-populated\">\n\t\t\t\t\t\t<section class=\"elementor-section elementor-inner-section elementor-element elementor-element-316428f elementor-section-boxed elementor-section-height-default elementor-section-height-default\" data-id=\"316428f\" data-element_type=\"section\">\n\t\t\t\t\t\t<div class=\"elementor-container elementor-column-gap-default\">\n\t\t\t\t\t<div class=\"elementor-column elementor-col-100 elementor-inner-column elementor-element elementor-element-e4aedbd\" data-id=\"e4aedbd\" data-element_type=\"column\">\n\t\t\t<div class=\"elementor-widget-wrap elementor-element-populated\">\n\t\t\t\t\t\t<div class=\"elementor-element elementor-element-bc2d60a elementor-widget elementor-widget-pix-heading\" data-id=\"bc2d60a\" data-element_type=\"widget\" data-widget_type=\"pix-heading.default\">\n\t\t\t\t<div class=\"elementor-widget-container\">\n\t\t\t\t\t<div  class=\"pix-heading-el text-left \"><div><div class=\"slide-in-container2\"><h1 class=\"text-white font-weight-bold heading-text el-title_custom_color mb-12\" style=\"\" data-anim-type=\"\" data-anim-delay=\"\">\u0130leti\u015fim<\/h1><\/div><\/div><\/div>\t\t\t\t<\/div>\n\t\t\t\t<\/div>\n\t\t\t\t\t<\/div>\n\t\t<\/div>\n\t\t\t\t\t<\/div>\n\t\t<\/section>\n\t\t\t\t<section class=\"elementor-section elementor-inner-section elementor-element elementor-element-3c306cb elementor-section-boxed elementor-section-height-default elementor-section-height-default\" data-id=\"3c306cb\" data-element_type=\"section\">\n\t\t\t\t\t\t<div class=\"elementor-container elementor-column-gap-default\">\n\t\t\t\t\t<div class=\"elementor-column elementor-col-33 elementor-inner-column elementor-element elementor-element-fb6ecde fly-sm\" data-id=\"fb6ecde\" data-element_type=\"column\" data-settings=\"{&quot;background_background&quot;:&quot;classic&quot;}\">\n\t\t\t<div class=\"elementor-widget-wrap elementor-element-populated\">\n\t\t\t\t\t\t<div class=\"elementor-element elementor-element-1cedefb elementor-widget elementor-widget-pix-icon\" data-id=\"1cedefb\" data-element_type=\"widget\" data-widget_type=\"pix-icon.default\">\n\t\t\t\t<div class=\"elementor-widget-container\">\n\t\t\t\t\t<a class=\"text-left \"  aria-label=\"icon\" href=\"#\" target=\"\"><div id=\"duo-icon-199100726\" class=\"pix-icon text-left \"><div class=\"rounded-circle d-inline-block feature_img  bg-gradient-primary-light\"   style=\" width:108px;height:108px;position:relative;line-height:108px;text-align:center;\"><i style=\"display:inline-block;font-size:60px;line-height:60px;\" class=\"text-gradient-primary align-middle pixicon-support-1\"><\/i><\/div><\/div><\/a>\t\t\t\t<\/div>\n\t\t\t\t<\/div>\n\t\t\t\t<div class=\"elementor-element elementor-element-5d1a5f7 elementor-widget elementor-widget-pix-text\" data-id=\"5d1a5f7\" data-element_type=\"widget\" data-widget_type=\"pix-text.default\">\n\t\t\t\t<div class=\"elementor-widget-container\">\n\t\t\t\t\t<div class=\"pix-el-text w-100 text-left \" ><p class=\"text-20 resp-option text-heading-default text-left font-weight-bold secondary-font\" >Telefon<\/p><\/div>\t\t\t\t<\/div>\n\t\t\t\t<\/div>\n\t\t\t\t<div class=\"elementor-element elementor-element-b6fef3e elementor-widget elementor-widget-pix-text\" data-id=\"b6fef3e\" data-element_type=\"widget\" data-widget_type=\"pix-text.default\">\n\t\t\t\t<div class=\"elementor-widget-container\">\n\t\t\t\t\t<div class=\"pix-el-text w-100 text-left \" ><p class=\"resp-option text-left \"><h5><a href=\"tel:0232 489 73 36\">0232 489 73 36<\/a><\/h5><\/p><\/div>\t\t\t\t<\/div>\n\t\t\t\t<\/div>\n\t\t\t\t\t<\/div>\n\t\t<\/div>\n\t\t\t\t<div class=\"elementor-column elementor-col-33 elementor-inner-column elementor-element elementor-element-b8ee96e fly-sm\" data-id=\"b8ee96e\" data-element_type=\"column\" data-settings=\"{&quot;background_background&quot;:&quot;classic&quot;}\">\n\t\t\t<div class=\"elementor-widget-wrap elementor-element-populated\">\n\t\t\t\t\t\t<div class=\"elementor-element elementor-element-7a2fc57 elementor-widget elementor-widget-pix-icon\" data-id=\"7a2fc57\" data-element_type=\"widget\" data-widget_type=\"pix-icon.default\">\n\t\t\t\t<div class=\"elementor-widget-container\">\n\t\t\t\t\t<a class=\"text-left \"  aria-label=\"icon\" href=\"#\" target=\"\"><div id=\"duo-icon-63128411\" class=\"pix-icon text-left \"><div class=\"rounded-circle d-inline-block feature_img  bg-gradient-primary-light\"   style=\" width:108px;height:108px;position:relative;line-height:108px;text-align:center;\"><i style=\"display:inline-block;font-size:60px;line-height:60px;\" class=\"text-gradient-primary align-middle pixicon-email-open-2\"><\/i><\/div><\/div><\/a>\t\t\t\t<\/div>\n\t\t\t\t<\/div>\n\t\t\t\t<div class=\"elementor-element elementor-element-c0bdc20 elementor-widget elementor-widget-pix-text\" data-id=\"c0bdc20\" data-element_type=\"widget\" data-widget_type=\"pix-text.default\">\n\t\t\t\t<div class=\"elementor-widget-container\">\n\t\t\t\t\t<div class=\"pix-el-text w-100 text-left \" ><p class=\"text-20 resp-option text-heading-default text-left font-weight-bold secondary-font\" >E-Posta<\/p><\/div>\t\t\t\t<\/div>\n\t\t\t\t<\/div>\n\t\t\t\t<div class=\"elementor-element elementor-element-93ee585 elementor-widget elementor-widget-pix-text\" data-id=\"93ee585\" data-element_type=\"widget\" data-widget_type=\"pix-text.default\">\n\t\t\t\t<div class=\"elementor-widget-container\">\n\t\t\t\t\t<div class=\"pix-el-text w-100 text-left \" ><p class=\"resp-option text-left \"><h5><a href=\"mailto:info@secyapimimarlik.com\">info@secyapimimarlik.com<\/a><\/h5><\/p><\/div>\t\t\t\t<\/div>\n\t\t\t\t<\/div>\n\t\t\t\t\t<\/div>\n\t\t<\/div>\n\t\t\t\t<div class=\"elementor-column elementor-col-33 elementor-inner-column elementor-element elementor-element-4f4655b fly-sm\" data-id=\"4f4655b\" data-element_type=\"column\" data-settings=\"{&quot;background_background&quot;:&quot;classic&quot;}\">\n\t\t\t<div class=\"elementor-widget-wrap elementor-element-populated\">\n\t\t\t\t\t\t<div class=\"elementor-element elementor-element-3caa52e elementor-widget elementor-widget-pix-icon\" data-id=\"3caa52e\" data-element_type=\"widget\" data-widget_type=\"pix-icon.default\">\n\t\t\t\t<div class=\"elementor-widget-container\">\n\t\t\t\t\t<a class=\"text-left \"  aria-label=\"icon\" href=\"#\" target=\"\"><div id=\"duo-icon-156567041\" class=\"pix-icon text-left \"><div class=\"rounded-circle d-inline-block feature_img  bg-gradient-primary-light\"   style=\" width:108px;height:108px;position:relative;line-height:108px;text-align:center;\"><i style=\"display:inline-block;font-size:60px;line-height:60px;\" class=\"text-gradient-primary align-middle pixicon-world-map-pin\"><\/i><\/div><\/div><\/a>\t\t\t\t<\/div>\n\t\t\t\t<\/div>\n\t\t\t\t<div class=\"elementor-element elementor-element-c841185 elementor-widget elementor-widget-pix-text\" data-id=\"c841185\" data-element_type=\"widget\" data-widget_type=\"pix-text.default\">\n\t\t\t\t<div class=\"elementor-widget-container\">\n\t\t\t\t\t<div class=\"pix-el-text w-100 text-left \" ><p class=\"text-20 resp-option text-heading-default text-left font-weight-bold secondary-font\" >Konum<\/p><\/div>\t\t\t\t<\/div>\n\t\t\t\t<\/div>\n\t\t\t\t<div class=\"elementor-element elementor-element-f99ab30 elementor-widget elementor-widget-pix-text\" data-id=\"f99ab30\" data-element_type=\"widget\" data-widget_type=\"pix-text.default\">\n\t\t\t\t<div class=\"elementor-widget-container\">\n\t\t\t\t\t<div class=\"pix-el-text w-100 text-left \" ><p class=\"resp-option text-left \"><h5><a href=\"https:\/\/maps.app.goo.gl\/wicujSrtaNdLJRoA8\">Adalet Mah. Manas Blv. No:39\u00a0 Folkart Tower B Kule, Bayrakl\u0131\/\u0130zmir<\/a><\/h5><\/p><\/div>\t\t\t\t<\/div>\n\t\t\t\t<\/div>\n\t\t\t\t\t<\/div>\n\t\t<\/div>\n\t\t\t\t\t<\/div>\n\t\t<\/section>\n\t\t\t\t\t<\/div>\n\t\t<\/div>\n\t\t\t\t\t<\/div>\n\t\t<\/section>\n\t\t\t\t<section class=\"elementor-section elementor-top-section elementor-element elementor-element-a2e6894 elementor-section-full_width elementor-section-stretched elementor-section-height-default elementor-section-height-default\" data-id=\"a2e6894\" data-element_type=\"section\" data-settings=\"{&quot;stretch_section&quot;:&quot;section-stretched&quot;}\">\n\t\t\t\t\t\t<div class=\"elementor-container elementor-column-gap-no\">\n\t\t\t\t\t<div class=\"elementor-column elementor-col-100 elementor-top-column elementor-element elementor-element-904f048\" data-id=\"904f048\" data-element_type=\"column\">\n\t\t\t<div class=\"elementor-widget-wrap elementor-element-populated\">\n\t\t\t\t\t\t<div class=\"elementor-element elementor-element-828ddf6 elementor-widget elementor-widget-pix-dividers\" data-id=\"828ddf6\" data-element_type=\"widget\" data-widget_type=\"pix-dividers.default\">\n\t\t\t\t<div class=\"elementor-widget-container\">\n\t\t\t\t\t<div class=\"pix-divider  position-relative pix-bottom-divider\" data-style=\"style-8\" ><svg xmlns=\"http:\/\/www.w3.org\/2000\/svg\" width=\"100%\" height=\"600\" viewBox=\"0 0 1200 366\" preserveAspectRatio=\"none\"><polygon fill=\"rgba(255,255,255,0.3)\"  points=\"0 240 1200 0 1200 366 0 366\"  \/><polygon fill=\"rgba(255,255,255,0.6)\"  points=\"0 300 1200 60 1200 366 0 366\" \/><polygon fill=\"#ffffff\" points=\"0 360 1200 120 1200 366 0 366\"\/><defs><\/defs><\/svg><\/div>\t\t\t\t<\/div>\n\t\t\t\t<\/div>\n\t\t\t\t\t<\/div>\n\t\t<\/div>\n\t\t\t\t\t<\/div>\n\t\t<\/section>\n\t\t\t\t<section class=\"elementor-section elementor-top-section elementor-element elementor-element-43fccb3 elementor-section-boxed elementor-section-height-default elementor-section-height-default\" data-id=\"43fccb3\" data-element_type=\"section\">\n\t\t\t\t\t\t<div class=\"elementor-container elementor-column-gap-default\">\n\t\t\t\t\t<div class=\"elementor-column elementor-col-100 elementor-top-column elementor-element elementor-element-48ddde7\" data-id=\"48ddde7\" data-element_type=\"column\">\n\t\t\t<div class=\"elementor-widget-wrap elementor-element-populated\">\n\t\t\t\t\t\t<section class=\"elementor-section elementor-inner-section elementor-element elementor-element-5288a67 elementor-section-boxed elementor-section-height-default elementor-section-height-default\" data-id=\"5288a67\" data-element_type=\"section\">\n\t\t\t\t\t\t<div class=\"elementor-container elementor-column-gap-default\">\n\t\t\t\t\t<div class=\"elementor-column elementor-col-100 elementor-inner-column elementor-element elementor-element-67352c2\" data-id=\"67352c2\" data-element_type=\"column\">\n\t\t\t<div class=\"elementor-widget-wrap elementor-element-populated\">\n\t\t\t\t\t\t<div class=\"elementor-element elementor-element-79e5881 elementor-widget elementor-widget-pix-heading\" data-id=\"79e5881\" data-element_type=\"widget\" data-widget_type=\"pix-heading.default\">\n\t\t\t\t<div class=\"elementor-widget-container\">\n\t\t\t\t\t<div  class=\"pix-heading-el text-left \"><div><div class=\"slide-in-container2\"><h4 class=\"text-gradient-primary font-weight-bold heading-text el-title_custom_color mb-12\" style=\"\" data-anim-type=\"\" data-anim-delay=\"\">Yeni Projelere Haz\u0131r\u0131z<\/h4><\/div><\/div><\/div>\t\t\t\t<\/div>\n\t\t\t\t<\/div>\n\t\t\t\t\t<\/div>\n\t\t<\/div>\n\t\t\t\t\t<\/div>\n\t\t<\/section>\n\t\t\t\t<section class=\"elementor-section elementor-inner-section elementor-element elementor-element-95dd490 elementor-section-boxed elementor-section-height-default elementor-section-height-default\" data-id=\"95dd490\" data-element_type=\"section\">\n\t\t\t\t\t\t<div class=\"elementor-container elementor-column-gap-default\">\n\t\t\t\t\t<div class=\"elementor-column elementor-col-50 elementor-inner-column elementor-element elementor-element-26884fb\" data-id=\"26884fb\" data-element_type=\"column\">\n\t\t\t<div class=\"elementor-widget-wrap elementor-element-populated\">\n\t\t\t\t\t\t<div class=\"elementor-element elementor-element-8c60002 elementor-widget elementor-widget-pix-heading\" data-id=\"8c60002\" data-element_type=\"widget\" data-widget_type=\"pix-heading.default\">\n\t\t\t\t<div class=\"elementor-widget-container\">\n\t\t\t\t\t<div  class=\"pix-heading-el text-left \"><div><div class=\"slide-in-container2\"><h5 class=\"text-heading-default font-weight-bold heading-text el-title_custom_color mb-12\" style=\"\" data-anim-type=\"\" data-anim-delay=\"\">\u0130leti\u015fim Formu<\/h5><\/div><\/div><\/div>\t\t\t\t<\/div>\n\t\t\t\t<\/div>\n\t\t\t\t<div class=\"elementor-element elementor-element-d3187de elementor-widget elementor-widget-pix-text\" data-id=\"d3187de\" data-element_type=\"widget\" data-widget_type=\"pix-text.default\">\n\t\t\t\t<div class=\"elementor-widget-container\">\n\t\t\t\t\t<div class=\"pix-el-text w-100 text-left \" ><div class=\"d-inline-block\" style=\"max-width:600px;\"><p class=\"text-20 resp-option text-body-default text-left \" >Bizi aray\u0131n veya istedi\u011finiz zaman u\u011fray\u0131n, t\u00fcm sorular\u0131n\u0131z\u0131 24 saat i\u00e7inde yan\u0131tlamaya \u00e7al\u0131\u015f\u0131yoruz. Sorular\u0131n\u0131za cevap vermekten mutluluk duyar\u0131z.<\/p><\/div><\/div>\t\t\t\t<\/div>\n\t\t\t\t<\/div>\n\t\t\t\t<div class=\"elementor-element elementor-element-affd525 elementor-widget elementor-widget-text-editor\" data-id=\"affd525\" data-element_type=\"widget\" data-widget_type=\"text-editor.default\">\n\t\t\t\t<div class=\"elementor-widget-container\">\n\t\t\t\t\t\t\t\t\t<p>\n<div class=\"wpcf7 no-js\" id=\"wpcf7-f1566-o1\" lang=\"en-US\" dir=\"ltr\" data-wpcf7-id=\"1566\">\n<div class=\"screen-reader-response\"><p role=\"status\" aria-live=\"polite\" aria-atomic=\"true\"><\/p> <ul><\/ul><\/div>\n<form action=\"\/index.php?rest_route=%2Fwp%2Fv2%2Fpages%2F4361#wpcf7-f1566-o1\" method=\"post\" class=\"wpcf7-form init\" aria-label=\"Contact form\" novalidate=\"novalidate\" data-status=\"init\">\n<div style=\"display: none;\">\n<input type=\"hidden\" name=\"_wpcf7\" value=\"1566\" \/>\n<input type=\"hidden\" name=\"_wpcf7_version\" value=\"6.0.3\" \/>\n<input type=\"hidden\" name=\"_wpcf7_locale\" value=\"en_US\" \/>\n<input type=\"hidden\" name=\"_wpcf7_unit_tag\" value=\"wpcf7-f1566-o1\" \/>\n<input type=\"hidden\" name=\"_wpcf7_container_post\" value=\"0\" \/>\n<input type=\"hidden\" name=\"_wpcf7_posted_data_hash\" value=\"\" \/>\n<input type=\"hidden\" name=\"_wpcf7_recaptcha_response\" value=\"\" \/>\n<\/div>\n<div class=\"pix-contact7-form\"><div class=\"row\">\n\t<div class=\"col-lg-6\">\n\t\t<p><label class=\"w-100\">Ad\u0131n\u0131z<br \/>\n<span class=\"wpcf7-form-control-wrap\" data-name=\"your-name\"><input size=\"40\" maxlength=\"400\" class=\"wpcf7-form-control wpcf7-text wpcf7-validates-as-required pix-my-5 shadow-0 bg-gray-3 form-control\" aria-required=\"true\" aria-invalid=\"false\" placeholder=\"\" value=\"\" type=\"text\" name=\"your-name\" \/><\/span><\/label>\n\t\t<\/p>\n\t<\/div>\n\t<div class=\"col-lg-6\">\n\t\t<p><label class=\"w-100\">E-Posta*<br \/>\n<span class=\"wpcf7-form-control-wrap\" data-name=\"your-email\"><input size=\"40\" maxlength=\"400\" class=\"wpcf7-form-control wpcf7-email wpcf7-validates-as-required wpcf7-text wpcf7-validates-as-email pix-my-5 shadow-0 bg-gray-3 form-control\" aria-required=\"true\" aria-invalid=\"false\" placeholder=\"\" value=\"\" type=\"email\" name=\"your-email\" \/><\/span><\/label>\n\t\t<\/p>\n\t<\/div>\n\t<div class=\"col-12\">\n\t\t<p><label class=\"w-100\">Telefon*<br \/>\n<span class=\"wpcf7-form-control-wrap\" data-name=\"your-tel\"><input size=\"40\" maxlength=\"400\" class=\"wpcf7-form-control wpcf7-text wpcf7-validates-as-required pix-my-5 shadow-0 bg-gray-3 form-control\" aria-required=\"true\" aria-invalid=\"false\" placeholder=\"\" value=\"\" type=\"text\" name=\"your-tel\" \/><\/span><\/label>\n\t\t<\/p>\n\t<\/div>\n\t<div class=\"col-12\">\n\t\t<p><label class=\"w-100\">Konu*<br \/>\n<span class=\"wpcf7-form-control-wrap\" data-name=\"your-subject\"><input size=\"40\" maxlength=\"400\" class=\"wpcf7-form-control wpcf7-text wpcf7-validates-as-required pix-my-5 shadow-0 bg-gray-3 form-control\" aria-required=\"true\" aria-invalid=\"false\" placeholder=\"\" value=\"\" type=\"text\" name=\"your-subject\" \/><\/span><\/label>\n\t\t<\/p>\n\t<\/div>\n\t<div class=\"col-12\">\n\t\t<p><label class=\"w-100\">Mesaj\u0131n\u0131z<span class=\"wpcf7-form-control-wrap\" data-name=\"your-message\"><textarea cols=\"40\" rows=\"4\" maxlength=\"2000\" class=\"wpcf7-form-control wpcf7-textarea wpcf7-validates-as-required pix-my-5 shadow-0 bg-gray-3 form-control\" aria-required=\"true\" aria-invalid=\"false\" placeholder=\"\" name=\"your-message\"><\/textarea><\/span><\/label>\n\t\t<\/p>\n\t<\/div>\n<\/div>\n<p><input class=\"wpcf7-form-control wpcf7-submit has-spinner btn btn-green text-white w-100 pix-mt-10 font-weight-bold btn-lg shadow-hover\" type=\"submit\" value=\"G\u00f6nder\" \/>\n<\/p><\/div><div class=\"wpcf7-response-output\" aria-hidden=\"true\"><\/div>\n<\/form>\n<\/div>\n<\/p>\t\t\t\t\t\t\t\t<\/div>\n\t\t\t\t<\/div>\n\t\t\t\t\t<\/div>\n\t\t<\/div>\n\t\t\t\t<div class=\"elementor-column elementor-col-50 elementor-inner-column elementor-element elementor-element-5f37d6d\" data-id=\"5f37d6d\" data-element_type=\"column\">\n\t\t\t<div class=\"elementor-widget-wrap elementor-element-populated\">\n\t\t\t\t\t\t<div class=\"elementor-element elementor-element-1882939 elementor-widget elementor-widget-html\" data-id=\"1882939\" data-element_type=\"widget\" data-widget_type=\"html.default\">\n\t\t\t\t<div class=\"elementor-widget-container\">\n\t\t\t\t\t<iframe src=\"https:\/\/www.google.com\/maps\/embed?pb=!1m18!1m12!1m3!1d6248.940559720561!2d27.17511847511597!3d38.45370289753215!2m3!1f0!2f0!3f0!3m2!1i1024!2i768!4f13.1!3m3!1m2!1s0x14b962a910391977%3A0x4f8f6aa570a99bb5!2zU0VDIFlhcMSxIE1pbWFybMSxaw!5e0!3m2!1str!2str!4v1737979195333!5m2!1str!2str\" width=\"%100\" height=\"550\" style=\"border:0;\" allowfullscreen=\"\" loading=\"lazy\" referrerpolicy=\"no-referrer-when-downgrade\"><\/iframe>\t\t\t\t<\/div>\n\t\t\t\t<\/div>\n\t\t\t\t\t<\/div>\n\t\t<\/div>\n\t\t\t\t\t<\/div>\n\t\t<\/section>\n\t\t\t\t\t<\/div>\n\t\t<\/div>\n\t\t\t\t\t<\/div>\n\t\t<\/section>\n\t\t\t\t<\/div>\n\t\t","protected":false},"excerpt":{"rendered":"<p>\u0130leti\u015fim Telefon 0232 489 73 36 E-Posta info@secyapimimarlik.com Konum Adalet Mah. Manas Blv. No:39\u00a0 Folkart Tower B Kule, Bayrakl\u0131\/\u0130zmir Yeni Projelere Haz\u0131r\u0131z \u0130leti\u015fim Formu Bizi aray\u0131n veya istedi\u011finiz zaman u\u011fray\u0131n, t\u00fcm sorular\u0131n\u0131z\u0131 24 saat i\u00e7inde yan\u0131tlamaya \u00e7al\u0131\u015f\u0131yoruz. Sorular\u0131n\u0131za cevap vermekten&#8230;<\/p>\n","protected":false},"author":1,"featured_media":0,"parent":0,"menu_order":0,"comment_status":"closed","ping_status":"closed","template":"","meta":{"footnotes":""},"class_list":["post-4361","page","type-page","status-publish","hentry"],"yoast_head":"<!-- This site is optimized with the Yoast SEO plugin v24.3 - https:\/\/yoast.com\/wordpress\/plugins\/seo\/ -->\n<title>\u0130leti\u015fim - Mimarl\u0131k - M\u00fchendislik - \u0130n\u015faat<\/title>\n<meta name=\"description\" content=\"Sec Yap\u0131 \u0130leti\u015fim | Mimarl\u0131k, m\u00fchendislik ve in\u015faat projeleriniz i\u00e7in bize ula\u015f\u0131n. Uzman ekibimizle size \u00f6zel \u00e7\u00f6z\u00fcmler sunuyoruz. \u0130leti\u015fim bilgilerimiz burada\" \/>\n<meta name=\"robots\" content=\"index, follow, max-snippet:-1, max-image-preview:large, max-video-preview:-1\" \/>\n<link rel=\"canonical\" href=\"https:\/\/secyapimimarlik.com\/?page_id=4361\" \/>\n<meta property=\"og:locale\" content=\"tr_TR\" \/>\n<meta property=\"og:type\" content=\"article\" \/>\n<meta property=\"og:title\" content=\"\u0130leti\u015fim - Mimarl\u0131k - M\u00fchendislik - \u0130n\u015faat\" \/>\n<meta property=\"og:description\" content=\"Sec Yap\u0131 \u0130leti\u015fim | Mimarl\u0131k, m\u00fchendislik ve in\u015faat projeleriniz i\u00e7in bize ula\u015f\u0131n. Uzman ekibimizle size \u00f6zel \u00e7\u00f6z\u00fcmler sunuyoruz. \u0130leti\u015fim bilgilerimiz burada\" \/>\n<meta property=\"og:url\" content=\"https:\/\/secyapimimarlik.com\/?page_id=4361\" \/>\n<meta property=\"og:site_name\" content=\"Mimarl\u0131k - M\u00fchendislik - \u0130n\u015faat\" \/>\n<meta property=\"article:modified_time\" content=\"2025-02-03T20:15:08+00:00\" \/>\n<meta name=\"twitter:card\" content=\"summary_large_image\" \/>\n<meta name=\"twitter:label1\" content=\"Tahmini okuma s\u00fcresi\" \/>\n\t<meta name=\"twitter:data1\" content=\"1 dakika\" \/>\n<script type=\"application\/ld+json\" class=\"yoast-schema-graph\">{\"@context\":\"https:\/\/schema.org\",\"@graph\":[{\"@type\":\"WebPage\",\"@id\":\"https:\/\/secyapimimarlik.com\/?page_id=4361\",\"url\":\"https:\/\/secyapimimarlik.com\/?page_id=4361\",\"name\":\"\u0130leti\u015fim - Mimarl\u0131k - M\u00fchendislik - \u0130n\u015faat\",\"isPartOf\":{\"@id\":\"https:\/\/secyapimimarlik.com\/#website\"},\"datePublished\":\"2021-03-30T23:29:09+00:00\",\"dateModified\":\"2025-02-03T20:15:08+00:00\",\"description\":\"Sec Yap\u0131 \u0130leti\u015fim | Mimarl\u0131k, m\u00fchendislik ve in\u015faat projeleriniz i\u00e7in bize ula\u015f\u0131n. Uzman ekibimizle size \u00f6zel \u00e7\u00f6z\u00fcmler sunuyoruz. \u0130leti\u015fim bilgilerimiz burada\",\"breadcrumb\":{\"@id\":\"https:\/\/secyapimimarlik.com\/?page_id=4361#breadcrumb\"},\"inLanguage\":\"tr\",\"potentialAction\":[{\"@type\":\"ReadAction\",\"target\":[\"https:\/\/secyapimimarlik.com\/?page_id=4361\"]}]},{\"@type\":\"BreadcrumbList\",\"@id\":\"https:\/\/secyapimimarlik.com\/?page_id=4361#breadcrumb\",\"itemListElement\":[{\"@type\":\"ListItem\",\"position\":1,\"name\":\"Anasayfa\",\"item\":\"https:\/\/secyapimimarlik.com\/\"},{\"@type\":\"ListItem\",\"position\":2,\"name\":\"\u0130leti\u015fim\"}]},{\"@type\":\"WebSite\",\"@id\":\"https:\/\/secyapimimarlik.com\/#website\",\"url\":\"https:\/\/secyapimimarlik.com\/\",\"name\":\"Mimarl\u0131k - M\u00fchendislik - \u0130n\u015faat\",\"description\":\"\",\"potentialAction\":[{\"@type\":\"SearchAction\",\"target\":{\"@type\":\"EntryPoint\",\"urlTemplate\":\"https:\/\/secyapimimarlik.com\/?s={search_term_string}\"},\"query-input\":{\"@type\":\"PropertyValueSpecification\",\"valueRequired\":true,\"valueName\":\"search_term_string\"}}],\"inLanguage\":\"tr\"}]}<\/script>\n<!-- \/ Yoast SEO plugin. -->","yoast_head_json":{"title":"\u0130leti\u015fim - Mimarl\u0131k - M\u00fchendislik - \u0130n\u015faat","description":"Sec Yap\u0131 \u0130leti\u015fim | Mimarl\u0131k, m\u00fchendislik ve in\u015faat projeleriniz i\u00e7in bize ula\u015f\u0131n. Uzman ekibimizle size \u00f6zel \u00e7\u00f6z\u00fcmler sunuyoruz. \u0130leti\u015fim bilgilerimiz burada","robots":{"index":"index","follow":"follow","max-snippet":"max-snippet:-1","max-image-preview":"max-image-preview:large","max-video-preview":"max-video-preview:-1"},"canonical":"https:\/\/secyapimimarlik.com\/?page_id=4361","og_locale":"tr_TR","og_type":"article","og_title":"\u0130leti\u015fim - Mimarl\u0131k - M\u00fchendislik - \u0130n\u015faat","og_description":"Sec Yap\u0131 \u0130leti\u015fim | Mimarl\u0131k, m\u00fchendislik ve in\u015faat projeleriniz i\u00e7in bize ula\u015f\u0131n. Uzman ekibimizle size \u00f6zel \u00e7\u00f6z\u00fcmler sunuyoruz. \u0130leti\u015fim bilgilerimiz burada","og_url":"https:\/\/secyapimimarlik.com\/?page_id=4361","og_site_name":"Mimarl\u0131k - M\u00fchendislik - \u0130n\u015faat","article_modified_time":"2025-02-03T20:15:08+00:00","twitter_card":"summary_large_image","twitter_misc":{"Tahmini okuma s\u00fcresi":"1 dakika"},"schema":{"@context":"https:\/\/schema.org","@graph":[{"@type":"WebPage","@id":"https:\/\/secyapimimarlik.com\/?page_id=4361","url":"https:\/\/secyapimimarlik.com\/?page_id=4361","name":"\u0130leti\u015fim - Mimarl\u0131k - M\u00fchendislik - \u0130n\u015faat","isPartOf":{"@id":"https:\/\/secyapimimarlik.com\/#website"},"datePublished":"2021-03-30T23:29:09+00:00","dateModified":"2025-02-03T20:15:08+00:00","description":"Sec Yap\u0131 \u0130leti\u015fim | Mimarl\u0131k, m\u00fchendislik ve in\u015faat projeleriniz i\u00e7in bize ula\u015f\u0131n. Uzman ekibimizle size \u00f6zel \u00e7\u00f6z\u00fcmler sunuyoruz. \u0130leti\u015fim bilgilerimiz burada","breadcrumb":{"@id":"https:\/\/secyapimimarlik.com\/?page_id=4361#breadcrumb"},"inLanguage":"tr","potentialAction":[{"@type":"ReadAction","target":["https:\/\/secyapimimarlik.com\/?page_id=4361"]}]},{"@type":"BreadcrumbList","@id":"https:\/\/secyapimimarlik.com\/?page_id=4361#breadcrumb","itemListElement":[{"@type":"ListItem","position":1,"name":"Anasayfa","item":"https:\/\/secyapimimarlik.com\/"},{"@type":"ListItem","position":2,"name":"\u0130leti\u015fim"}]},{"@type":"WebSite","@id":"https:\/\/secyapimimarlik.com\/#website","url":"https:\/\/secyapimimarlik.com\/","name":"Mimarl\u0131k - M\u00fchendislik - \u0130n\u015faat","description":"","potentialAction":[{"@type":"SearchAction","target":{"@type":"EntryPoint","urlTemplate":"https:\/\/secyapimimarlik.com\/?s={search_term_string}"},"query-input":{"@type":"PropertyValueSpecification","valueRequired":true,"valueName":"search_term_string"}}],"inLanguage":"tr"}]}},"_links":{"self":[{"href":"https:\/\/secyapimimarlik.com\/index.php?rest_route=\/wp\/v2\/pages\/4361","targetHints":{"allow":["GET"]}}],"collection":[{"href":"https:\/\/secyapimimarlik.com\/index.php?rest_route=\/wp\/v2\/pages"}],"about":[{"href":"https:\/\/secyapimimarlik.com\/index.php?rest_route=\/wp\/v2\/types\/page"}],"author":[{"embeddable":true,"href":"https:\/\/secyapimimarlik.com\/index.php?rest_route=\/wp\/v2\/users\/1"}],"replies":[{"embeddable":true,"href":"https:\/\/secyapimimarlik.com\/index.php?rest_route=%2Fwp%2Fv2%2Fcomments&post=4361"}],"version-history":[{"count":28,"href":"https:\/\/secyapimimarlik.com\/index.php?rest_route=\/wp\/v2\/pages\/4361\/revisions"}],"predecessor-version":[{"id":4405,"href":"https:\/\/secyapimimarlik.com\/index.php?rest_route=\/wp\/v2\/pages\/4361\/revisions\/4405"}],"wp:attachment":[{"href":"https:\/\/secyapimimarlik.com\/index.php?rest_route=%2Fwp%2Fv2%2Fmedia&parent=4361"}],"curies":[{"name":"wp","href":"https:\/\/api.w.org\/{rel}","templated":true}]}}