{"id":3820,"date":"2021-04-04T22:21:27","date_gmt":"2021-04-04T22:21:27","guid":{"rendered":"https:\/\/essentials.pixfort.com\/company-elementor\/?page_id=3820"},"modified":"2025-11-12T16:00:21","modified_gmt":"2025-11-12T13:00:21","slug":"devam-eden-projeler","status":"publish","type":"page","link":"https:\/\/secyapimimarlik.com\/?page_id=3820","title":{"rendered":"Devam Eden Projeler"},"content":{"rendered":"\t\t<div data-elementor-type=\"wp-page\" data-elementor-id=\"3820\" class=\"elementor elementor-3820\" data-elementor-post-type=\"page\">\n\t\t\t\t\t\t<section class=\"elementor-section elementor-top-section elementor-element elementor-element-75a5d8d elementor-section-boxed elementor-section-height-default elementor-section-height-default\" data-id=\"75a5d8d\" data-element_type=\"section\">\n\t\t\t\t\t\t\t<div class=\"elementor-background-overlay\"><\/div>\n\t\t\t\t\t\t\t<div class=\"elementor-container elementor-column-gap-default\">\n\t\t\t\t\t<div class=\"elementor-column elementor-col-50 elementor-top-column elementor-element elementor-element-d0869f5\" data-id=\"d0869f5\" data-element_type=\"column\">\n\t\t\t<div class=\"elementor-widget-wrap elementor-element-populated\">\n\t\t\t\t\t\t<div class=\"elementor-element elementor-element-05e6674 elementor-widget elementor-widget-pix-highlighted-text\" data-id=\"05e6674\" data-element_type=\"widget\" data-widget_type=\"pix-highlighted-text.default\">\n\t\t\t\t<div class=\"elementor-widget-container\">\n\t\t\t\t\t<div id=\"highlighted-text-36413143\" class=\"pix-highlighted-element text-left \"><h2 class=\"pix-highlighted-items \" style=\"\" data-anim-type=\"\" data-anim-delay=\"\"><span id=\"highlighted-text-36413143-0\" class=\" elementor-repeater-item-d38df35\"><span class=\"pix-highlighted-text pix-highlight-item font-weight-normal  heading-font text-heading-default\">Devam <\/span><\/span><span id=\"highlighted-text-36413143-1\" class=\"pix-highlight-bg align-middle2   elementor-repeater-item-b2f5606 highlighted-text-36413143-1 animate-in\" data-anim-type=\"highlight-grow\" data-anim-delay=\"200\"><span class=\"pix-highlighted-text  pix-highlight-item font-weight-normal  font-weight-bold heading-font text-heading-default\">Eden<\/span><\/span><span id=\"highlighted-text-36413143-2\" class=\" elementor-repeater-item-3d6442b\"><span class=\"pix-highlighted-text pix-highlight-item font-weight-normal  heading-font text-heading-default\"> Projeler<\/span><\/span><\/h2><\/div>\t\t\t\t<\/div>\n\t\t\t\t<\/div>\n\t\t\t\t<div class=\"elementor-element elementor-element-b8efb6d elementor-widget elementor-widget-pix-text\" data-id=\"b8efb6d\" data-element_type=\"widget\" data-widget_type=\"pix-text.default\">\n\t\t\t\t<div class=\"elementor-widget-container\">\n\t\t\t\t\t<div class=\"pix-el-text w-100 text-left \" ><p class=\"text-20 resp-option text-dark-opacity-5 text-left \" >Devam eden projelerimizde, \u00e7evreye duyarl\u0131 malzeme ve teknolojiler kullanarak s\u00fcrd\u00fcr\u00fclebilirlik ilkelerini \u00f6n planda tutuyoruz. Konut projelerinden ticari alanlara, kentsel d\u00f6n\u00fc\u015f\u00fcm \u00e7al\u0131\u015fmalar\u0131ndan \u00f6zel tasar\u0131m yap\u0131lara kadar farkl\u0131 alanlarda \u00e7al\u0131\u015fmalar\u0131m\u0131z\u0131 s\u00fcrd\u00fcr\u00fcyoruz.<\/p><\/div>\t\t\t\t<\/div>\n\t\t\t\t<\/div>\n\t\t\t\t<div class=\"elementor-element elementor-element-4d2fe3e elementor-widget__width-auto elementor-widget elementor-widget-pix-button\" data-id=\"4d2fe3e\" data-element_type=\"widget\" data-widget_type=\"pix-button.default\">\n\t\t\t\t<div class=\"elementor-widget-container\">\n\t\t\t\t\t<a  href=\"https:\/\/secyapimimarlik.com\/?page_id=3752\" class=\"btn m-0     shadow-sm btn-primary d-inline-block pix-hover-item       btn-lg\"     ><i class=\"font-weight-bold pixicon-bars-menu  pix-hover-left  mr-1\"><\/i> <span class=\"font-weight-bold \" >Hakk\u0131m\u0131zda<\/span><\/a>\t\t\t\t<\/div>\n\t\t\t\t<\/div>\n\t\t\t\t<div class=\"elementor-element elementor-element-7fa9291 elementor-widget__width-auto elementor-widget elementor-widget-pix-button\" data-id=\"7fa9291\" data-element_type=\"widget\" data-widget_type=\"pix-button.default\">\n\t\t\t\t<div class=\"elementor-widget-container\">\n\t\t\t\t\t<a  href=\"https:\/\/secyapimimarlik.com\/?page_id=4361\" class=\"btn m-0     shadow-sm text-heading-default btn-white d-inline-block pix-hover-item       btn-lg\"     ><i class=\"font-weight-bold pixicon-phone  pix-hover-left  mr-1\"><\/i> <span class=\"font-weight-bold \" >\u0130leti\u015fim<\/span><\/a>\t\t\t\t<\/div>\n\t\t\t\t<\/div>\n\t\t\t\t\t<\/div>\n\t\t<\/div>\n\t\t\t\t<div class=\"elementor-column elementor-col-50 elementor-top-column elementor-element elementor-element-8f48210\" data-id=\"8f48210\" data-element_type=\"column\">\n\t\t\t<div class=\"elementor-widget-wrap\">\n\t\t\t\t\t\t\t<\/div>\n\t\t<\/div>\n\t\t\t\t\t<\/div>\n\t\t<\/section>\n\t\t\t\t<section class=\"elementor-section elementor-top-section elementor-element elementor-element-d03dca3 elementor-section-full_width elementor-section-height-default elementor-section-height-default\" data-id=\"d03dca3\" data-element_type=\"section\">\n\t\t\t\t\t\t<div class=\"elementor-container elementor-column-gap-no\">\n\t\t\t\t\t<div class=\"elementor-column elementor-col-100 elementor-top-column elementor-element elementor-element-e4bbebb\" data-id=\"e4bbebb\" data-element_type=\"column\">\n\t\t\t<div class=\"elementor-widget-wrap elementor-element-populated\">\n\t\t\t\t\t\t<div class=\"elementor-element elementor-element-ae2cd53 elementor-widget elementor-widget-pix-dividers\" data-id=\"ae2cd53\" data-element_type=\"widget\" data-widget_type=\"pix-dividers.default\">\n\t\t\t\t<div class=\"elementor-widget-container\">\n\t\t\t\t\t<div class=\"pix-divider  position-relative pix-bottom-divider\" data-style=\"style-8\" ><svg xmlns=\"http:\/\/www.w3.org\/2000\/svg\" width=\"100%\" height=\"300px\" viewBox=\"0 0 1200 366\" preserveAspectRatio=\"none\"><polygon fill=\"url(#divider-pix-accordion-743955-bottom-overlay-layer-3)\" points=\"0 240 1200 0 1200 366 0 366\" \/><polygon fill=\"url(#divider-pix-accordion-743955-bottom-overlay-layer-2)\" points=\"0 300 1200 60 1200 366 0 366\"  \/><polygon fill=\"#ffffff\" points=\"0 360 1200 120 1200 366 0 366\"\/><defs><linearGradient id=\"divider-pix-accordion-743955-bottom-overlay-layer-3\" x1=\"0%\" y1=\"0%\" x2=\"100%\" y2=\"0%\"><stop offset=\"0%\"   stop-color=\"#00000014\"\/><stop offset=\"100%\"   stop-color=\"#FFFFFF03\"\/><\/linearGradient><linearGradient id=\"divider-pix-accordion-743955-bottom-overlay-layer-2\" x1=\"0%\" y1=\"0%\" x2=\"100%\" y2=\"0%\"><stop offset=\"0%\"   stop-color=\"#FFFFFF03\"\/><stop offset=\"100%\"   stop-color=\"#FFFFFF03\"\/><\/linearGradient><\/defs><\/svg><\/div>\t\t\t\t<\/div>\n\t\t\t\t<\/div>\n\t\t\t\t\t<\/div>\n\t\t<\/div>\n\t\t\t\t\t<\/div>\n\t\t<\/section>\n\t\t\t\t<section class=\"elementor-section elementor-top-section elementor-element elementor-element-c72aa54 elementor-section-boxed elementor-section-height-default elementor-section-height-default\" data-id=\"c72aa54\" data-element_type=\"section\">\n\t\t\t\t\t\t<div class=\"elementor-container elementor-column-gap-default\">\n\t\t\t\t\t<div class=\"elementor-column elementor-col-100 elementor-top-column elementor-element elementor-element-5575ef7\" data-id=\"5575ef7\" data-element_type=\"column\">\n\t\t\t<div class=\"elementor-widget-wrap elementor-element-populated\">\n\t\t\t\t\t\t<section class=\"elementor-section elementor-inner-section elementor-element elementor-element-e205c00 elementor-section-boxed elementor-section-height-default elementor-section-height-default\" data-id=\"e205c00\" data-element_type=\"section\">\n\t\t\t\t\t\t<div class=\"elementor-container elementor-column-gap-default\">\n\t\t\t\t\t<div class=\"elementor-column elementor-col-33 elementor-inner-column elementor-element elementor-element-bbd8444\" data-id=\"bbd8444\" data-element_type=\"column\">\n\t\t\t<div class=\"elementor-widget-wrap elementor-element-populated\">\n\t\t\t\t\t\t<div class=\"elementor-element elementor-element-174d4e8 elementor-invisible elementor-widget elementor-widget-pix-card\" data-id=\"174d4e8\" data-element_type=\"widget\" data-widget_type=\"pix-card.default\">\n\t\t\t\t<div class=\"elementor-widget-container\">\n\t\t\t\t\t<a  rel=\"nofollow\" href=\"https:\/\/secyapimimarlik.com\/?page_id=4604\" class=\" fly\"><div class=\"card    rounded-lg  overflow-hidden shadow-sm shadow-hover fly-sm  animate-in \" data-anim-delay=\"100\" data-anim-type=\"fade-in-up\"><img decoding=\"async\" src=\"https:\/\/secyapimimarlik.com\/wp-content\/plugins\/pixfort-core\/functions\/images\/loading.webp\"   data-srcset=\"\" data-src=\"https:\/\/secyapimimarlik.com\/wp-content\/uploads\/2025\/11\/basaran-kazan-3.jpg\" class=\"pix-lazy\" loading=\"lazy\" alt=\"Ba\u015faran Kazan Alia\u011fa Osb Fabrika\"><div class=\"pix-card-content\"><div class=\"card-body\"><div class=\"d-flex justify-content-between align-items-center font-weight-bold text-heading-default\"><h6 style=\"\" class=\"card-title mb-0 font-weight-bold text-heading-default\">Ba\u015faran Kazan Alia\u011fa Osb Fabrika<\/h6><h6 style=\"\" class=\"font-weight-bold text-heading-default pixicon-angle-right\"><\/h6><\/div><\/div><\/div><\/div><\/a>\t\t\t\t<\/div>\n\t\t\t\t<\/div>\n\t\t\t\t\t<\/div>\n\t\t<\/div>\n\t\t\t\t<div class=\"elementor-column elementor-col-33 elementor-inner-column elementor-element elementor-element-b65b52f\" data-id=\"b65b52f\" data-element_type=\"column\">\n\t\t\t<div class=\"elementor-widget-wrap elementor-element-populated\">\n\t\t\t\t\t\t<div class=\"elementor-element elementor-element-751c1f2 elementor-invisible elementor-widget elementor-widget-pix-card\" data-id=\"751c1f2\" data-element_type=\"widget\" data-widget_type=\"pix-card.default\">\n\t\t\t\t<div class=\"elementor-widget-container\">\n\t\t\t\t\t<a  rel=\"nofollow\" href=\"https:\/\/secyapimimarlik.com\/?page_id=4587\" class=\" fly\"><div class=\"card    rounded-lg  overflow-hidden shadow-sm shadow-hover fly-sm  animate-in \" data-anim-delay=\"100\" data-anim-type=\"fade-in-up\"><img decoding=\"async\" src=\"https:\/\/secyapimimarlik.com\/wp-content\/plugins\/pixfort-core\/functions\/images\/loading.webp\"   data-srcset=\"\" data-src=\"https:\/\/secyapimimarlik.com\/wp-content\/uploads\/2025\/11\/uniteks-2.jpg\" class=\"pix-lazy\" loading=\"lazy\" alt=\"Uniteks Tekstil Alia\u011fa Osb Fabrika\"><div class=\"pix-card-content\"><div class=\"card-body\"><div class=\"d-flex justify-content-between align-items-center font-weight-bold text-heading-default\"><h6 style=\"\" class=\"card-title mb-0 font-weight-bold text-heading-default\">Uniteks Tekstil Alia\u011fa Osb Fabrika<\/h6><h6 style=\"\" class=\"font-weight-bold text-heading-default pixicon-angle-right\"><\/h6><\/div><\/div><\/div><\/div><\/a>\t\t\t\t<\/div>\n\t\t\t\t<\/div>\n\t\t\t\t\t<\/div>\n\t\t<\/div>\n\t\t\t\t<div class=\"elementor-column elementor-col-33 elementor-inner-column elementor-element elementor-element-22b4c82\" data-id=\"22b4c82\" data-element_type=\"column\">\n\t\t\t<div class=\"elementor-widget-wrap\">\n\t\t\t\t\t\t\t<\/div>\n\t\t<\/div>\n\t\t\t\t\t<\/div>\n\t\t<\/section>\n\t\t\t\t<section class=\"elementor-section elementor-inner-section elementor-element elementor-element-a32b3f9 elementor-section-boxed elementor-section-height-default elementor-section-height-default\" data-id=\"a32b3f9\" data-element_type=\"section\">\n\t\t\t\t\t\t<div class=\"elementor-container elementor-column-gap-default\">\n\t\t\t\t\t<div class=\"elementor-column elementor-col-33 elementor-inner-column elementor-element elementor-element-47ddc60\" data-id=\"47ddc60\" data-element_type=\"column\">\n\t\t\t<div class=\"elementor-widget-wrap\">\n\t\t\t\t\t\t\t<\/div>\n\t\t<\/div>\n\t\t\t\t<div class=\"elementor-column elementor-col-33 elementor-inner-column elementor-element elementor-element-2eb40e2\" data-id=\"2eb40e2\" data-element_type=\"column\">\n\t\t\t<div class=\"elementor-widget-wrap\">\n\t\t\t\t\t\t\t<\/div>\n\t\t<\/div>\n\t\t\t\t<div class=\"elementor-column elementor-col-33 elementor-inner-column elementor-element elementor-element-e442d9a\" data-id=\"e442d9a\" data-element_type=\"column\">\n\t\t\t<div class=\"elementor-widget-wrap\">\n\t\t\t\t\t\t\t<\/div>\n\t\t<\/div>\n\t\t\t\t\t<\/div>\n\t\t<\/section>\n\t\t\t\t<section class=\"elementor-section elementor-inner-section elementor-element elementor-element-266b593 elementor-section-boxed elementor-section-height-default elementor-section-height-default\" data-id=\"266b593\" data-element_type=\"section\">\n\t\t\t\t\t\t<div class=\"elementor-container elementor-column-gap-default\">\n\t\t\t\t\t<div class=\"elementor-column elementor-col-100 elementor-inner-column elementor-element elementor-element-7e1be50\" data-id=\"7e1be50\" data-element_type=\"column\">\n\t\t\t<div class=\"elementor-widget-wrap elementor-element-populated\">\n\t\t\t\t\t\t<div class=\"elementor-element elementor-element-2f7623d elementor-widget elementor-widget-pix-button\" data-id=\"2f7623d\" data-element_type=\"widget\" data-widget_type=\"pix-button.default\">\n\t\t\t\t<div class=\"elementor-widget-container\">\n\t\t\t\t\t<div class=\"d-block w-100 text-center\"><a  href=\"https:\/\/secyapimimarlik.com\/?page_id=4361\" class=\"btn m-0     shadow-sm btn-primary-light d-inline-block pix-hover-item       pix-btn-div btn-lg\"     ><i class=\"font-weight-bold pixicon-messages-2  pix-hover-left  mr-1\"><\/i> <span class=\"font-weight-bold \" >\u0130leti\u015fim<\/span><\/a><\/div>\t\t\t\t<\/div>\n\t\t\t\t<\/div>\n\t\t\t\t\t<\/div>\n\t\t<\/div>\n\t\t\t\t\t<\/div>\n\t\t<\/section>\n\t\t\t\t\t<\/div>\n\t\t<\/div>\n\t\t\t\t\t<\/div>\n\t\t<\/section>\n\t\t\t\t<\/div>\n\t\t","protected":false},"excerpt":{"rendered":"<p>Devam Eden Projeler Devam eden projelerimizde, \u00e7evreye duyarl\u0131 malzeme ve teknolojiler kullanarak s\u00fcrd\u00fcr\u00fclebilirlik ilkelerini \u00f6n planda tutuyoruz. Konut projelerinden ticari alanlara, kentsel d\u00f6n\u00fc\u015f\u00fcm \u00e7al\u0131\u015fmalar\u0131ndan \u00f6zel tasar\u0131m yap\u0131lara kadar farkl\u0131 alanlarda \u00e7al\u0131\u015fmalar\u0131m\u0131z\u0131 s\u00fcrd\u00fcr\u00fcyoruz. Hakk\u0131m\u0131zda \u0130leti\u015fim Ba\u015faran Kazan Alia\u011fa Osb Fabrika Uniteks&#8230;<\/p>\n","protected":false},"author":1,"featured_media":0,"parent":0,"menu_order":0,"comment_status":"closed","ping_status":"closed","template":"","meta":{"footnotes":""},"class_list":["post-3820","page","type-page","status-publish","hentry"],"yoast_head":"<!-- This site is optimized with the Yoast SEO plugin v24.3 - https:\/\/yoast.com\/wordpress\/plugins\/seo\/ -->\n<title>Devam Eden Projeler - Mimarl\u0131k - M\u00fchendislik - \u0130n\u015faat<\/title>\n<meta name=\"description\" content=\"Sec Yap\u0131 Devam Eden Projeler | Devam eden mimarl\u0131k, m\u00fchendislik ve in\u015faat projelerimizi ke\u015ffedin. G\u00fcncel projelerimiz hakk\u0131nda detayl\u0131 bilgi al\u0131n.\" \/>\n<meta name=\"robots\" content=\"index, follow, max-snippet:-1, max-image-preview:large, max-video-preview:-1\" \/>\n<link rel=\"canonical\" href=\"https:\/\/secyapimimarlik.com\/?page_id=3820\" \/>\n<meta property=\"og:locale\" content=\"tr_TR\" \/>\n<meta property=\"og:type\" content=\"article\" \/>\n<meta property=\"og:title\" content=\"Devam Eden Projeler - Mimarl\u0131k - M\u00fchendislik - \u0130n\u015faat\" \/>\n<meta property=\"og:description\" content=\"Sec Yap\u0131 Devam Eden Projeler | Devam eden mimarl\u0131k, m\u00fchendislik ve in\u015faat projelerimizi ke\u015ffedin. G\u00fcncel projelerimiz hakk\u0131nda detayl\u0131 bilgi al\u0131n.\" \/>\n<meta property=\"og:url\" content=\"https:\/\/secyapimimarlik.com\/?page_id=3820\" \/>\n<meta property=\"og:site_name\" content=\"Mimarl\u0131k - M\u00fchendislik - \u0130n\u015faat\" \/>\n<meta property=\"article:modified_time\" content=\"2025-11-12T13:00:21+00:00\" \/>\n<meta property=\"og:image\" content=\"https:\/\/secyapimimarlik.com\/wp-content\/plugins\/pixfort-core\/functions\/images\/loading.webp\" \/>\n<meta name=\"twitter:card\" content=\"summary_large_image\" \/>\n<meta name=\"twitter:label1\" content=\"Tahmini okuma s\u00fcresi\" \/>\n\t<meta name=\"twitter:data1\" content=\"1 dakika\" \/>\n<script type=\"application\/ld+json\" class=\"yoast-schema-graph\">{\"@context\":\"https:\/\/schema.org\",\"@graph\":[{\"@type\":\"WebPage\",\"@id\":\"https:\/\/secyapimimarlik.com\/?page_id=3820\",\"url\":\"https:\/\/secyapimimarlik.com\/?page_id=3820\",\"name\":\"Devam Eden Projeler - Mimarl\u0131k - M\u00fchendislik - \u0130n\u015faat\",\"isPartOf\":{\"@id\":\"https:\/\/secyapimimarlik.com\/#website\"},\"primaryImageOfPage\":{\"@id\":\"https:\/\/secyapimimarlik.com\/?page_id=3820#primaryimage\"},\"image\":{\"@id\":\"https:\/\/secyapimimarlik.com\/?page_id=3820#primaryimage\"},\"thumbnailUrl\":\"https:\/\/secyapimimarlik.com\/wp-content\/plugins\/pixfort-core\/functions\/images\/loading.webp\",\"datePublished\":\"2021-04-04T22:21:27+00:00\",\"dateModified\":\"2025-11-12T13:00:21+00:00\",\"description\":\"Sec Yap\u0131 Devam Eden Projeler | Devam eden mimarl\u0131k, m\u00fchendislik ve in\u015faat projelerimizi ke\u015ffedin. G\u00fcncel projelerimiz hakk\u0131nda detayl\u0131 bilgi al\u0131n.\",\"breadcrumb\":{\"@id\":\"https:\/\/secyapimimarlik.com\/?page_id=3820#breadcrumb\"},\"inLanguage\":\"tr\",\"potentialAction\":[{\"@type\":\"ReadAction\",\"target\":[\"https:\/\/secyapimimarlik.com\/?page_id=3820\"]}]},{\"@type\":\"ImageObject\",\"inLanguage\":\"tr\",\"@id\":\"https:\/\/secyapimimarlik.com\/?page_id=3820#primaryimage\",\"url\":\"https:\/\/secyapimimarlik.com\/wp-content\/plugins\/pixfort-core\/functions\/images\/loading.webp\",\"contentUrl\":\"https:\/\/secyapimimarlik.com\/wp-content\/plugins\/pixfort-core\/functions\/images\/loading.webp\"},{\"@type\":\"BreadcrumbList\",\"@id\":\"https:\/\/secyapimimarlik.com\/?page_id=3820#breadcrumb\",\"itemListElement\":[{\"@type\":\"ListItem\",\"position\":1,\"name\":\"Anasayfa\",\"item\":\"https:\/\/secyapimimarlik.com\/\"},{\"@type\":\"ListItem\",\"position\":2,\"name\":\"Devam Eden Projeler\"}]},{\"@type\":\"WebSite\",\"@id\":\"https:\/\/secyapimimarlik.com\/#website\",\"url\":\"https:\/\/secyapimimarlik.com\/\",\"name\":\"Mimarl\u0131k - M\u00fchendislik - \u0130n\u015faat\",\"description\":\"\",\"potentialAction\":[{\"@type\":\"SearchAction\",\"target\":{\"@type\":\"EntryPoint\",\"urlTemplate\":\"https:\/\/secyapimimarlik.com\/?s={search_term_string}\"},\"query-input\":{\"@type\":\"PropertyValueSpecification\",\"valueRequired\":true,\"valueName\":\"search_term_string\"}}],\"inLanguage\":\"tr\"}]}<\/script>\n<!-- \/ Yoast SEO plugin. -->","yoast_head_json":{"title":"Devam Eden Projeler - Mimarl\u0131k - M\u00fchendislik - \u0130n\u015faat","description":"Sec Yap\u0131 Devam Eden Projeler | Devam eden mimarl\u0131k, m\u00fchendislik ve in\u015faat projelerimizi ke\u015ffedin. G\u00fcncel projelerimiz hakk\u0131nda detayl\u0131 bilgi al\u0131n.","robots":{"index":"index","follow":"follow","max-snippet":"max-snippet:-1","max-image-preview":"max-image-preview:large","max-video-preview":"max-video-preview:-1"},"canonical":"https:\/\/secyapimimarlik.com\/?page_id=3820","og_locale":"tr_TR","og_type":"article","og_title":"Devam Eden Projeler - Mimarl\u0131k - M\u00fchendislik - \u0130n\u015faat","og_description":"Sec Yap\u0131 Devam Eden Projeler | Devam eden mimarl\u0131k, m\u00fchendislik ve in\u015faat projelerimizi ke\u015ffedin. G\u00fcncel projelerimiz hakk\u0131nda detayl\u0131 bilgi al\u0131n.","og_url":"https:\/\/secyapimimarlik.com\/?page_id=3820","og_site_name":"Mimarl\u0131k - M\u00fchendislik - \u0130n\u015faat","article_modified_time":"2025-11-12T13:00:21+00:00","og_image":[{"url":"https:\/\/secyapimimarlik.com\/wp-content\/plugins\/pixfort-core\/functions\/images\/loading.webp","type":"","width":"","height":""}],"twitter_card":"summary_large_image","twitter_misc":{"Tahmini okuma s\u00fcresi":"1 dakika"},"schema":{"@context":"https:\/\/schema.org","@graph":[{"@type":"WebPage","@id":"https:\/\/secyapimimarlik.com\/?page_id=3820","url":"https:\/\/secyapimimarlik.com\/?page_id=3820","name":"Devam Eden Projeler - Mimarl\u0131k - M\u00fchendislik - \u0130n\u015faat","isPartOf":{"@id":"https:\/\/secyapimimarlik.com\/#website"},"primaryImageOfPage":{"@id":"https:\/\/secyapimimarlik.com\/?page_id=3820#primaryimage"},"image":{"@id":"https:\/\/secyapimimarlik.com\/?page_id=3820#primaryimage"},"thumbnailUrl":"https:\/\/secyapimimarlik.com\/wp-content\/plugins\/pixfort-core\/functions\/images\/loading.webp","datePublished":"2021-04-04T22:21:27+00:00","dateModified":"2025-11-12T13:00:21+00:00","description":"Sec Yap\u0131 Devam Eden Projeler | Devam eden mimarl\u0131k, m\u00fchendislik ve in\u015faat projelerimizi ke\u015ffedin. G\u00fcncel projelerimiz hakk\u0131nda detayl\u0131 bilgi al\u0131n.","breadcrumb":{"@id":"https:\/\/secyapimimarlik.com\/?page_id=3820#breadcrumb"},"inLanguage":"tr","potentialAction":[{"@type":"ReadAction","target":["https:\/\/secyapimimarlik.com\/?page_id=3820"]}]},{"@type":"ImageObject","inLanguage":"tr","@id":"https:\/\/secyapimimarlik.com\/?page_id=3820#primaryimage","url":"https:\/\/secyapimimarlik.com\/wp-content\/plugins\/pixfort-core\/functions\/images\/loading.webp","contentUrl":"https:\/\/secyapimimarlik.com\/wp-content\/plugins\/pixfort-core\/functions\/images\/loading.webp"},{"@type":"BreadcrumbList","@id":"https:\/\/secyapimimarlik.com\/?page_id=3820#breadcrumb","itemListElement":[{"@type":"ListItem","position":1,"name":"Anasayfa","item":"https:\/\/secyapimimarlik.com\/"},{"@type":"ListItem","position":2,"name":"Devam Eden Projeler"}]},{"@type":"WebSite","@id":"https:\/\/secyapimimarlik.com\/#website","url":"https:\/\/secyapimimarlik.com\/","name":"Mimarl\u0131k - M\u00fchendislik - \u0130n\u015faat","description":"","potentialAction":[{"@type":"SearchAction","target":{"@type":"EntryPoint","urlTemplate":"https:\/\/secyapimimarlik.com\/?s={search_term_string}"},"query-input":{"@type":"PropertyValueSpecification","valueRequired":true,"valueName":"search_term_string"}}],"inLanguage":"tr"}]}},"_links":{"self":[{"href":"https:\/\/secyapimimarlik.com\/index.php?rest_route=\/wp\/v2\/pages\/3820","targetHints":{"allow":["GET"]}}],"collection":[{"href":"https:\/\/secyapimimarlik.com\/index.php?rest_route=\/wp\/v2\/pages"}],"about":[{"href":"https:\/\/secyapimimarlik.com\/index.php?rest_route=\/wp\/v2\/types\/page"}],"author":[{"embeddable":true,"href":"https:\/\/secyapimimarlik.com\/index.php?rest_route=\/wp\/v2\/users\/1"}],"replies":[{"embeddable":true,"href":"https:\/\/secyapimimarlik.com\/index.php?rest_route=%2Fwp%2Fv2%2Fcomments&post=3820"}],"version-history":[{"count":35,"href":"https:\/\/secyapimimarlik.com\/index.php?rest_route=\/wp\/v2\/pages\/3820\/revisions"}],"predecessor-version":[{"id":5219,"href":"https:\/\/secyapimimarlik.com\/index.php?rest_route=\/wp\/v2\/pages\/3820\/revisions\/5219"}],"wp:attachment":[{"href":"https:\/\/secyapimimarlik.com\/index.php?rest_route=%2Fwp%2Fv2%2Fmedia&parent=3820"}],"curies":[{"name":"wp","href":"https:\/\/api.w.org\/{rel}","templated":true}]}}